{"id":9699,"date":"2025-03-18T15:35:14","date_gmt":"2025-03-18T14:35:14","guid":{"rendered":"https:\/\/lan-com.dk\/vare\/muffe-diam-50-mm-pkk-a-10-stk\/"},"modified":"2026-03-30T14:20:53","modified_gmt":"2026-03-30T12:20:53","slug":"muffe-diam-50-mm-pkk-a-10-stk","status":"publish","type":"product","link":"https:\/\/lan-com.dk\/shop\/vare\/muffe-diam-50-mm-pkk-a-10-stk\/","title":{"rendered":"MUFFE DIAM 50 MM PKK A 10 STK"},"content":{"rendered":"<ul>\n<li>Materiale: PE halogen fri og fri for tungmetaller<\/li>\n<li>Tilslutningsmuffe af b\u00f8jelige og stive r\u00f8r,<\/li>\n<li>RoHS<\/li>\n<li>hvilket sikre minimum en indtr\u00e6ngnings<\/li>\n<li>Farve: Lysgr\u00e5 RAL 7035 <\/li>\n<li>beskyttelse IP65.<\/li>\n<li>Minimum temperatur: -25\u00b0C<\/li>\n<li>Muffen er ideel til udsatte installationer, <\/li>\n<li>Maximum temperatur: +120\u00b0C<\/li>\n<li>da muffen indeholder et specielt<\/li>\n<li>IP: IP65<\/li>\n<li>antignavertils\u00e6tningsstof, for at maksimere<\/li>\n<li>Ydre diameter \u00d8mm: \u00d855,6mm<\/li>\n<li>sikkerheden i installationer mod dyreangreb<\/li>\n<li>Indre diameter \u00d8mm: \u00d850,0mm<\/li>\n<li>Oprindelses land: Gr\u00e6kenland<\/li>\n<li>HS-Kode: <\/li>\n<\/ul>\n","protected":false},"excerpt":{"rendered":"<p>Materiale: PE halogen fri og fri for tungmetaller Tilslutningsmuffe af b\u00f8jelige og stive r\u00f8r, RoHS hvilket sikre minimum en indtr\u00e6ngnings Farve: Lysgr\u00e5 RAL 7035 beskyttelse IP65. Minimum temperatur: -25\u00b0C Muffen er ideel til udsatte installationer, Maximum temperatur: +120\u00b0C da muffen indeholder et specielt IP: IP65 antignavertils\u00e6tningsstof, for at maksimere Ydre diameter \u00d8mm: \u00d855,6mm sikkerheden i [&hellip;]<\/p>\n","protected":false},"featured_media":12902,"template":"","meta":{"_acf_changed":false},"product_brand":[],"product_cat":[188],"product_tag":[],"class_list":{"0":"post-9699","1":"product","2":"type-product","3":"status-publish","4":"has-post-thumbnail","6":"product_cat-tilbehoer-for-roer","8":"first","9":"instock","10":"taxable","11":"shipping-taxable","12":"product-type-simple"},"acf":[],"yoast_head":"<!-- This site is optimized with the Yoast SEO plugin v24.8.1 - https:\/\/yoast.com\/wordpress\/plugins\/seo\/ -->\n<title>MUFFE DIAM 50 MM PKK A 10 STK - Lan-Com A\/S<\/title>\n<meta name=\"robots\" content=\"index, follow, max-snippet:-1, max-image-preview:large, max-video-preview:-1\" \/>\n<link rel=\"canonical\" href=\"https:\/\/lan-com.dk\/shop\/vare\/muffe-diam-50-mm-pkk-a-10-stk\/\" \/>\n<meta property=\"og:locale\" content=\"da_DK\" \/>\n<meta property=\"og:type\" content=\"article\" \/>\n<meta property=\"og:title\" content=\"MUFFE DIAM 50 MM PKK A 10 STK - Lan-Com A\/S\" \/>\n<meta property=\"og:description\" content=\"Materiale: PE halogen fri og fri for tungmetaller Tilslutningsmuffe af b\u00f8jelige og stive r\u00f8r, RoHS hvilket sikre minimum en indtr\u00e6ngnings Farve: Lysgr\u00e5 RAL 7035 beskyttelse IP65. Minimum temperatur: -25\u00b0C Muffen er ideel til udsatte installationer, Maximum temperatur: +120\u00b0C da muffen indeholder et specielt IP: IP65 antignavertils\u00e6tningsstof, for at maksimere Ydre diameter \u00d8mm: \u00d855,6mm sikkerheden i [&hellip;]\" \/>\n<meta property=\"og:url\" content=\"https:\/\/lan-com.dk\/shop\/vare\/muffe-diam-50-mm-pkk-a-10-stk\/\" \/>\n<meta property=\"og:site_name\" content=\"Lan-Com A\/S\" \/>\n<meta property=\"article:modified_time\" content=\"2026-03-30T12:20:53+00:00\" \/>\n<meta property=\"og:image\" content=\"https:\/\/lan-com.dk\/wp-content\/uploads\/2025\/03\/602930.jpg\" \/>\n\t<meta property=\"og:image:width\" content=\"458\" \/>\n\t<meta property=\"og:image:height\" content=\"458\" \/>\n\t<meta property=\"og:image:type\" content=\"image\/jpeg\" \/>\n<meta name=\"twitter:card\" content=\"summary_large_image\" \/>\n<script type=\"application\/ld+json\" class=\"yoast-schema-graph\">{\"@context\":\"https:\/\/schema.org\",\"@graph\":[{\"@type\":\"WebPage\",\"@id\":\"https:\/\/lan-com.dk\/shop\/vare\/muffe-diam-50-mm-pkk-a-10-stk\/\",\"url\":\"https:\/\/lan-com.dk\/shop\/vare\/muffe-diam-50-mm-pkk-a-10-stk\/\",\"name\":\"MUFFE DIAM 50 MM PKK A 10 STK - Lan-Com A\/S\",\"isPartOf\":{\"@id\":\"https:\/\/lan-com.dk\/#website\"},\"primaryImageOfPage\":{\"@id\":\"https:\/\/lan-com.dk\/shop\/vare\/muffe-diam-50-mm-pkk-a-10-stk\/#primaryimage\"},\"image\":{\"@id\":\"https:\/\/lan-com.dk\/shop\/vare\/muffe-diam-50-mm-pkk-a-10-stk\/#primaryimage\"},\"thumbnailUrl\":\"https:\/\/lan-com.dk\/shop\/wp-content\/uploads\/2025\/03\/602930.jpg\",\"datePublished\":\"2025-03-18T14:35:14+00:00\",\"dateModified\":\"2026-03-30T12:20:53+00:00\",\"breadcrumb\":{\"@id\":\"https:\/\/lan-com.dk\/shop\/vare\/muffe-diam-50-mm-pkk-a-10-stk\/#breadcrumb\"},\"inLanguage\":\"da-DK\",\"potentialAction\":[{\"@type\":\"ReadAction\",\"target\":[\"https:\/\/lan-com.dk\/shop\/vare\/muffe-diam-50-mm-pkk-a-10-stk\/\"]}]},{\"@type\":\"ImageObject\",\"inLanguage\":\"da-DK\",\"@id\":\"https:\/\/lan-com.dk\/shop\/vare\/muffe-diam-50-mm-pkk-a-10-stk\/#primaryimage\",\"url\":\"https:\/\/lan-com.dk\/shop\/wp-content\/uploads\/2025\/03\/602930.jpg\",\"contentUrl\":\"https:\/\/lan-com.dk\/shop\/wp-content\/uploads\/2025\/03\/602930.jpg\",\"width\":458,\"height\":458},{\"@type\":\"BreadcrumbList\",\"@id\":\"https:\/\/lan-com.dk\/shop\/vare\/muffe-diam-50-mm-pkk-a-10-stk\/#breadcrumb\",\"itemListElement\":[{\"@type\":\"ListItem\",\"position\":1,\"name\":\"Home\",\"item\":\"https:\/\/lan-com.dk\/shop\/\"},{\"@type\":\"ListItem\",\"position\":2,\"name\":\"Shop\",\"item\":\"https:\/\/lan-com.dk\/shop\/\"},{\"@type\":\"ListItem\",\"position\":3,\"name\":\"MUFFE DIAM 50 MM PKK A 10 STK\"}]},{\"@type\":\"WebSite\",\"@id\":\"https:\/\/lan-com.dk\/#website\",\"url\":\"https:\/\/lan-com.dk\/\",\"name\":\"Lan-Com A\/S\",\"description\":\"Leverand\u00f8rer af IT-kabelsystemer til El og tele markedet\",\"publisher\":{\"@id\":\"https:\/\/lan-com.dk\/#organization\"},\"potentialAction\":[{\"@type\":\"SearchAction\",\"target\":{\"@type\":\"EntryPoint\",\"urlTemplate\":\"https:\/\/lan-com.dk\/?s={search_term_string}\"},\"query-input\":{\"@type\":\"PropertyValueSpecification\",\"valueRequired\":true,\"valueName\":\"search_term_string\"}}],\"inLanguage\":\"da-DK\"},{\"@type\":\"Organization\",\"@id\":\"https:\/\/lan-com.dk\/#organization\",\"name\":\"Lan-Com A\/S\",\"url\":\"https:\/\/lan-com.dk\/\",\"logo\":{\"@type\":\"ImageObject\",\"inLanguage\":\"da-DK\",\"@id\":\"https:\/\/lan-com.dk\/#\/schema\/logo\/image\/\",\"url\":\"https:\/\/lan-com.dk\/shop\/wp-content\/uploads\/2024\/11\/cropped-lan-com-logo.png\",\"contentUrl\":\"https:\/\/lan-com.dk\/shop\/wp-content\/uploads\/2024\/11\/cropped-lan-com-logo.png\",\"width\":246,\"height\":43,\"caption\":\"Lan-Com A\/S\"},\"image\":{\"@id\":\"https:\/\/lan-com.dk\/#\/schema\/logo\/image\/\"}}]}<\/script>\n<!-- \/ Yoast SEO plugin. -->","yoast_head_json":{"title":"MUFFE DIAM 50 MM PKK A 10 STK - Lan-Com A\/S","robots":{"index":"index","follow":"follow","max-snippet":"max-snippet:-1","max-image-preview":"max-image-preview:large","max-video-preview":"max-video-preview:-1"},"canonical":"https:\/\/lan-com.dk\/shop\/vare\/muffe-diam-50-mm-pkk-a-10-stk\/","og_locale":"da_DK","og_type":"article","og_title":"MUFFE DIAM 50 MM PKK A 10 STK - Lan-Com A\/S","og_description":"Materiale: PE halogen fri og fri for tungmetaller Tilslutningsmuffe af b\u00f8jelige og stive r\u00f8r, RoHS hvilket sikre minimum en indtr\u00e6ngnings Farve: Lysgr\u00e5 RAL 7035 beskyttelse IP65. Minimum temperatur: -25\u00b0C Muffen er ideel til udsatte installationer, Maximum temperatur: +120\u00b0C da muffen indeholder et specielt IP: IP65 antignavertils\u00e6tningsstof, for at maksimere Ydre diameter \u00d8mm: \u00d855,6mm sikkerheden i [&hellip;]","og_url":"https:\/\/lan-com.dk\/shop\/vare\/muffe-diam-50-mm-pkk-a-10-stk\/","og_site_name":"Lan-Com A\/S","article_modified_time":"2026-03-30T12:20:53+00:00","og_image":[{"width":458,"height":458,"url":"https:\/\/lan-com.dk\/wp-content\/uploads\/2025\/03\/602930.jpg","type":"image\/jpeg"}],"twitter_card":"summary_large_image","schema":{"@context":"https:\/\/schema.org","@graph":[{"@type":"WebPage","@id":"https:\/\/lan-com.dk\/shop\/vare\/muffe-diam-50-mm-pkk-a-10-stk\/","url":"https:\/\/lan-com.dk\/shop\/vare\/muffe-diam-50-mm-pkk-a-10-stk\/","name":"MUFFE DIAM 50 MM PKK A 10 STK - Lan-Com A\/S","isPartOf":{"@id":"https:\/\/lan-com.dk\/#website"},"primaryImageOfPage":{"@id":"https:\/\/lan-com.dk\/shop\/vare\/muffe-diam-50-mm-pkk-a-10-stk\/#primaryimage"},"image":{"@id":"https:\/\/lan-com.dk\/shop\/vare\/muffe-diam-50-mm-pkk-a-10-stk\/#primaryimage"},"thumbnailUrl":"https:\/\/lan-com.dk\/shop\/wp-content\/uploads\/2025\/03\/602930.jpg","datePublished":"2025-03-18T14:35:14+00:00","dateModified":"2026-03-30T12:20:53+00:00","breadcrumb":{"@id":"https:\/\/lan-com.dk\/shop\/vare\/muffe-diam-50-mm-pkk-a-10-stk\/#breadcrumb"},"inLanguage":"da-DK","potentialAction":[{"@type":"ReadAction","target":["https:\/\/lan-com.dk\/shop\/vare\/muffe-diam-50-mm-pkk-a-10-stk\/"]}]},{"@type":"ImageObject","inLanguage":"da-DK","@id":"https:\/\/lan-com.dk\/shop\/vare\/muffe-diam-50-mm-pkk-a-10-stk\/#primaryimage","url":"https:\/\/lan-com.dk\/shop\/wp-content\/uploads\/2025\/03\/602930.jpg","contentUrl":"https:\/\/lan-com.dk\/shop\/wp-content\/uploads\/2025\/03\/602930.jpg","width":458,"height":458},{"@type":"BreadcrumbList","@id":"https:\/\/lan-com.dk\/shop\/vare\/muffe-diam-50-mm-pkk-a-10-stk\/#breadcrumb","itemListElement":[{"@type":"ListItem","position":1,"name":"Home","item":"https:\/\/lan-com.dk\/shop\/"},{"@type":"ListItem","position":2,"name":"Shop","item":"https:\/\/lan-com.dk\/shop\/"},{"@type":"ListItem","position":3,"name":"MUFFE DIAM 50 MM PKK A 10 STK"}]},{"@type":"WebSite","@id":"https:\/\/lan-com.dk\/#website","url":"https:\/\/lan-com.dk\/","name":"Lan-Com A\/S","description":"Leverand\u00f8rer af IT-kabelsystemer til El og tele markedet","publisher":{"@id":"https:\/\/lan-com.dk\/#organization"},"potentialAction":[{"@type":"SearchAction","target":{"@type":"EntryPoint","urlTemplate":"https:\/\/lan-com.dk\/?s={search_term_string}"},"query-input":{"@type":"PropertyValueSpecification","valueRequired":true,"valueName":"search_term_string"}}],"inLanguage":"da-DK"},{"@type":"Organization","@id":"https:\/\/lan-com.dk\/#organization","name":"Lan-Com A\/S","url":"https:\/\/lan-com.dk\/","logo":{"@type":"ImageObject","inLanguage":"da-DK","@id":"https:\/\/lan-com.dk\/#\/schema\/logo\/image\/","url":"https:\/\/lan-com.dk\/shop\/wp-content\/uploads\/2024\/11\/cropped-lan-com-logo.png","contentUrl":"https:\/\/lan-com.dk\/shop\/wp-content\/uploads\/2024\/11\/cropped-lan-com-logo.png","width":246,"height":43,"caption":"Lan-Com A\/S"},"image":{"@id":"https:\/\/lan-com.dk\/#\/schema\/logo\/image\/"}}]}},"_links":{"self":[{"href":"https:\/\/lan-com.dk\/shop\/wp-json\/wp\/v2\/product\/9699","targetHints":{"allow":["GET"]}}],"collection":[{"href":"https:\/\/lan-com.dk\/shop\/wp-json\/wp\/v2\/product"}],"about":[{"href":"https:\/\/lan-com.dk\/shop\/wp-json\/wp\/v2\/types\/product"}],"wp:featuredmedia":[{"embeddable":true,"href":"https:\/\/lan-com.dk\/shop\/wp-json\/wp\/v2\/media\/12902"}],"wp:attachment":[{"href":"https:\/\/lan-com.dk\/shop\/wp-json\/wp\/v2\/media?parent=9699"}],"wp:term":[{"taxonomy":"product_brand","embeddable":true,"href":"https:\/\/lan-com.dk\/shop\/wp-json\/wp\/v2\/product_brand?post=9699"},{"taxonomy":"product_cat","embeddable":true,"href":"https:\/\/lan-com.dk\/shop\/wp-json\/wp\/v2\/product_cat?post=9699"},{"taxonomy":"product_tag","embeddable":true,"href":"https:\/\/lan-com.dk\/shop\/wp-json\/wp\/v2\/product_tag?post=9699"}],"curies":[{"name":"wp","href":"https:\/\/api.w.org\/{rel}","templated":true}]}}