{"id":9686,"date":"2025-03-18T15:35:13","date_gmt":"2025-03-18T14:35:13","guid":{"rendered":"https:\/\/lan-com.dk\/vare\/boejle-for-roer-3-4-2-skruehuller-galvaniseret-staal\/"},"modified":"2026-03-30T14:19:55","modified_gmt":"2026-03-30T12:19:55","slug":"boejle-for-roer-3-4-2-skruehuller-galvaniseret-staal","status":"publish","type":"product","link":"https:\/\/lan-com.dk\/shop\/vare\/boejle-for-roer-3-4-2-skruehuller-galvaniseret-staal\/","title":{"rendered":"B\u00d8JLE FOR R\u00d8R 3\/4&#8243; 2 SKRUEHULLER GALVANISERET ST\u00c5L"},"content":{"rendered":"<ul>\n<li>Anvendes til at fastg\u00f8re r\u00f8r p\u00e5 v\u00e6g eller loft.<\/li>\n<li>Materiale: Rustfrit st\u00e5l pregalvaniseret<\/li>\n<li>B\u00f8jlen fastg\u00f8res med 2 skruer. OBS! v\u00e6r opm\u00e6rksom<\/li>\n<li>St\u00f8rrelse: L67,82xB15,75 mm<\/li>\n<li>p\u00e5 materiale valg vedr. skruerne for at ung\u00e5 <\/li>\n<li>Diameter: \u00d819,05 mm (3\/4&#8243;)<\/li>\n<li>galvanisk t\u00e6ring mellem forskellige mataler.<\/li>\n<li>Tolerance i %: +\/- 0,05<\/li>\n<li>Anvendes stort set i ale industrier, kontorbyggeri<\/li>\n<li>Pakning: 1 stk. <\/li>\n<li>uddannelsesinstituationer, hospitaler etc.<\/li>\n<\/ul>\n","protected":false},"excerpt":{"rendered":"<p>Anvendes til at fastg\u00f8re r\u00f8r p\u00e5 v\u00e6g eller loft. Materiale: Rustfrit st\u00e5l pregalvaniseret B\u00f8jlen fastg\u00f8res med 2 skruer. OBS! v\u00e6r opm\u00e6rksom St\u00f8rrelse: L67,82xB15,75 mm p\u00e5 materiale valg vedr. skruerne for at ung\u00e5 Diameter: \u00d819,05 mm (3\/4&#8243;) galvanisk t\u00e6ring mellem forskellige mataler. Tolerance i %: +\/- 0,05 Anvendes stort set i ale industrier, kontorbyggeri Pakning: 1 [&hellip;]<\/p>\n","protected":false},"featured_media":12889,"template":"","meta":{"_acf_changed":false},"product_brand":[],"product_cat":[188],"product_tag":[],"class_list":{"0":"post-9686","1":"product","2":"type-product","3":"status-publish","4":"has-post-thumbnail","6":"product_cat-tilbehoer-for-roer","8":"first","9":"instock","10":"taxable","11":"shipping-taxable","12":"product-type-simple"},"acf":[],"yoast_head":"<!-- This site is optimized with the Yoast SEO plugin v24.8.1 - https:\/\/yoast.com\/wordpress\/plugins\/seo\/ -->\n<title>B\u00d8JLE FOR R\u00d8R 3\/4&quot; 2 SKRUEHULLER GALVANISERET ST\u00c5L - Lan-Com A\/S<\/title>\n<meta name=\"robots\" content=\"index, follow, max-snippet:-1, max-image-preview:large, max-video-preview:-1\" \/>\n<link rel=\"canonical\" href=\"https:\/\/lan-com.dk\/shop\/vare\/boejle-for-roer-3-4-2-skruehuller-galvaniseret-staal\/\" \/>\n<meta property=\"og:locale\" content=\"da_DK\" \/>\n<meta property=\"og:type\" content=\"article\" \/>\n<meta property=\"og:title\" content=\"B\u00d8JLE FOR R\u00d8R 3\/4&quot; 2 SKRUEHULLER GALVANISERET ST\u00c5L - Lan-Com A\/S\" \/>\n<meta property=\"og:description\" content=\"Anvendes til at fastg\u00f8re r\u00f8r p\u00e5 v\u00e6g eller loft. Materiale: Rustfrit st\u00e5l pregalvaniseret B\u00f8jlen fastg\u00f8res med 2 skruer. OBS! v\u00e6r opm\u00e6rksom St\u00f8rrelse: L67,82xB15,75 mm p\u00e5 materiale valg vedr. skruerne for at ung\u00e5 Diameter: \u00d819,05 mm (3\/4&#8243;) galvanisk t\u00e6ring mellem forskellige mataler. Tolerance i %: +\/- 0,05 Anvendes stort set i ale industrier, kontorbyggeri Pakning: 1 [&hellip;]\" \/>\n<meta property=\"og:url\" content=\"https:\/\/lan-com.dk\/shop\/vare\/boejle-for-roer-3-4-2-skruehuller-galvaniseret-staal\/\" \/>\n<meta property=\"og:site_name\" content=\"Lan-Com A\/S\" \/>\n<meta property=\"article:modified_time\" content=\"2026-03-30T12:19:55+00:00\" \/>\n<meta property=\"og:image\" content=\"https:\/\/lan-com.dk\/shop\/wp-content\/uploads\/2025\/03\/602808-scaled.jpg\" \/>\n\t<meta property=\"og:image:width\" content=\"1810\" \/>\n\t<meta property=\"og:image:height\" content=\"2560\" \/>\n\t<meta property=\"og:image:type\" content=\"image\/jpeg\" \/>\n<meta name=\"twitter:card\" content=\"summary_large_image\" \/>\n<script type=\"application\/ld+json\" class=\"yoast-schema-graph\">{\"@context\":\"https:\/\/schema.org\",\"@graph\":[{\"@type\":\"WebPage\",\"@id\":\"https:\/\/lan-com.dk\/shop\/vare\/boejle-for-roer-3-4-2-skruehuller-galvaniseret-staal\/\",\"url\":\"https:\/\/lan-com.dk\/shop\/vare\/boejle-for-roer-3-4-2-skruehuller-galvaniseret-staal\/\",\"name\":\"B\u00d8JLE FOR R\u00d8R 3\/4\\\" 2 SKRUEHULLER GALVANISERET ST\u00c5L - Lan-Com A\/S\",\"isPartOf\":{\"@id\":\"https:\/\/lan-com.dk\/#website\"},\"primaryImageOfPage\":{\"@id\":\"https:\/\/lan-com.dk\/shop\/vare\/boejle-for-roer-3-4-2-skruehuller-galvaniseret-staal\/#primaryimage\"},\"image\":{\"@id\":\"https:\/\/lan-com.dk\/shop\/vare\/boejle-for-roer-3-4-2-skruehuller-galvaniseret-staal\/#primaryimage\"},\"thumbnailUrl\":\"https:\/\/lan-com.dk\/shop\/wp-content\/uploads\/2025\/03\/602808-scaled.jpg\",\"datePublished\":\"2025-03-18T14:35:13+00:00\",\"dateModified\":\"2026-03-30T12:19:55+00:00\",\"breadcrumb\":{\"@id\":\"https:\/\/lan-com.dk\/shop\/vare\/boejle-for-roer-3-4-2-skruehuller-galvaniseret-staal\/#breadcrumb\"},\"inLanguage\":\"da-DK\",\"potentialAction\":[{\"@type\":\"ReadAction\",\"target\":[\"https:\/\/lan-com.dk\/shop\/vare\/boejle-for-roer-3-4-2-skruehuller-galvaniseret-staal\/\"]}]},{\"@type\":\"ImageObject\",\"inLanguage\":\"da-DK\",\"@id\":\"https:\/\/lan-com.dk\/shop\/vare\/boejle-for-roer-3-4-2-skruehuller-galvaniseret-staal\/#primaryimage\",\"url\":\"https:\/\/lan-com.dk\/shop\/wp-content\/uploads\/2025\/03\/602808-scaled.jpg\",\"contentUrl\":\"https:\/\/lan-com.dk\/shop\/wp-content\/uploads\/2025\/03\/602808-scaled.jpg\",\"width\":1810,\"height\":2560},{\"@type\":\"BreadcrumbList\",\"@id\":\"https:\/\/lan-com.dk\/shop\/vare\/boejle-for-roer-3-4-2-skruehuller-galvaniseret-staal\/#breadcrumb\",\"itemListElement\":[{\"@type\":\"ListItem\",\"position\":1,\"name\":\"Home\",\"item\":\"https:\/\/lan-com.dk\/shop\/\"},{\"@type\":\"ListItem\",\"position\":2,\"name\":\"Shop\",\"item\":\"https:\/\/lan-com.dk\/shop\/\"},{\"@type\":\"ListItem\",\"position\":3,\"name\":\"B\u00d8JLE FOR R\u00d8R 3\/4&#8243; 2 SKRUEHULLER GALVANISERET ST\u00c5L\"}]},{\"@type\":\"WebSite\",\"@id\":\"https:\/\/lan-com.dk\/#website\",\"url\":\"https:\/\/lan-com.dk\/\",\"name\":\"Lan-Com A\/S\",\"description\":\"Leverand\u00f8rer af IT-kabelsystemer til El og tele markedet\",\"publisher\":{\"@id\":\"https:\/\/lan-com.dk\/#organization\"},\"potentialAction\":[{\"@type\":\"SearchAction\",\"target\":{\"@type\":\"EntryPoint\",\"urlTemplate\":\"https:\/\/lan-com.dk\/?s={search_term_string}\"},\"query-input\":{\"@type\":\"PropertyValueSpecification\",\"valueRequired\":true,\"valueName\":\"search_term_string\"}}],\"inLanguage\":\"da-DK\"},{\"@type\":\"Organization\",\"@id\":\"https:\/\/lan-com.dk\/#organization\",\"name\":\"Lan-Com A\/S\",\"url\":\"https:\/\/lan-com.dk\/\",\"logo\":{\"@type\":\"ImageObject\",\"inLanguage\":\"da-DK\",\"@id\":\"https:\/\/lan-com.dk\/#\/schema\/logo\/image\/\",\"url\":\"https:\/\/lan-com.dk\/shop\/wp-content\/uploads\/2024\/11\/cropped-lan-com-logo.png\",\"contentUrl\":\"https:\/\/lan-com.dk\/shop\/wp-content\/uploads\/2024\/11\/cropped-lan-com-logo.png\",\"width\":246,\"height\":43,\"caption\":\"Lan-Com A\/S\"},\"image\":{\"@id\":\"https:\/\/lan-com.dk\/#\/schema\/logo\/image\/\"}}]}<\/script>\n<!-- \/ Yoast SEO plugin. -->","yoast_head_json":{"title":"B\u00d8JLE FOR R\u00d8R 3\/4\" 2 SKRUEHULLER GALVANISERET ST\u00c5L - Lan-Com A\/S","robots":{"index":"index","follow":"follow","max-snippet":"max-snippet:-1","max-image-preview":"max-image-preview:large","max-video-preview":"max-video-preview:-1"},"canonical":"https:\/\/lan-com.dk\/shop\/vare\/boejle-for-roer-3-4-2-skruehuller-galvaniseret-staal\/","og_locale":"da_DK","og_type":"article","og_title":"B\u00d8JLE FOR R\u00d8R 3\/4\" 2 SKRUEHULLER GALVANISERET ST\u00c5L - Lan-Com A\/S","og_description":"Anvendes til at fastg\u00f8re r\u00f8r p\u00e5 v\u00e6g eller loft. Materiale: Rustfrit st\u00e5l pregalvaniseret B\u00f8jlen fastg\u00f8res med 2 skruer. OBS! v\u00e6r opm\u00e6rksom St\u00f8rrelse: L67,82xB15,75 mm p\u00e5 materiale valg vedr. skruerne for at ung\u00e5 Diameter: \u00d819,05 mm (3\/4&#8243;) galvanisk t\u00e6ring mellem forskellige mataler. Tolerance i %: +\/- 0,05 Anvendes stort set i ale industrier, kontorbyggeri Pakning: 1 [&hellip;]","og_url":"https:\/\/lan-com.dk\/shop\/vare\/boejle-for-roer-3-4-2-skruehuller-galvaniseret-staal\/","og_site_name":"Lan-Com A\/S","article_modified_time":"2026-03-30T12:19:55+00:00","og_image":[{"width":1810,"height":2560,"url":"https:\/\/lan-com.dk\/shop\/wp-content\/uploads\/2025\/03\/602808-scaled.jpg","type":"image\/jpeg"}],"twitter_card":"summary_large_image","schema":{"@context":"https:\/\/schema.org","@graph":[{"@type":"WebPage","@id":"https:\/\/lan-com.dk\/shop\/vare\/boejle-for-roer-3-4-2-skruehuller-galvaniseret-staal\/","url":"https:\/\/lan-com.dk\/shop\/vare\/boejle-for-roer-3-4-2-skruehuller-galvaniseret-staal\/","name":"B\u00d8JLE FOR R\u00d8R 3\/4\" 2 SKRUEHULLER GALVANISERET ST\u00c5L - Lan-Com A\/S","isPartOf":{"@id":"https:\/\/lan-com.dk\/#website"},"primaryImageOfPage":{"@id":"https:\/\/lan-com.dk\/shop\/vare\/boejle-for-roer-3-4-2-skruehuller-galvaniseret-staal\/#primaryimage"},"image":{"@id":"https:\/\/lan-com.dk\/shop\/vare\/boejle-for-roer-3-4-2-skruehuller-galvaniseret-staal\/#primaryimage"},"thumbnailUrl":"https:\/\/lan-com.dk\/shop\/wp-content\/uploads\/2025\/03\/602808-scaled.jpg","datePublished":"2025-03-18T14:35:13+00:00","dateModified":"2026-03-30T12:19:55+00:00","breadcrumb":{"@id":"https:\/\/lan-com.dk\/shop\/vare\/boejle-for-roer-3-4-2-skruehuller-galvaniseret-staal\/#breadcrumb"},"inLanguage":"da-DK","potentialAction":[{"@type":"ReadAction","target":["https:\/\/lan-com.dk\/shop\/vare\/boejle-for-roer-3-4-2-skruehuller-galvaniseret-staal\/"]}]},{"@type":"ImageObject","inLanguage":"da-DK","@id":"https:\/\/lan-com.dk\/shop\/vare\/boejle-for-roer-3-4-2-skruehuller-galvaniseret-staal\/#primaryimage","url":"https:\/\/lan-com.dk\/shop\/wp-content\/uploads\/2025\/03\/602808-scaled.jpg","contentUrl":"https:\/\/lan-com.dk\/shop\/wp-content\/uploads\/2025\/03\/602808-scaled.jpg","width":1810,"height":2560},{"@type":"BreadcrumbList","@id":"https:\/\/lan-com.dk\/shop\/vare\/boejle-for-roer-3-4-2-skruehuller-galvaniseret-staal\/#breadcrumb","itemListElement":[{"@type":"ListItem","position":1,"name":"Home","item":"https:\/\/lan-com.dk\/shop\/"},{"@type":"ListItem","position":2,"name":"Shop","item":"https:\/\/lan-com.dk\/shop\/"},{"@type":"ListItem","position":3,"name":"B\u00d8JLE FOR R\u00d8R 3\/4&#8243; 2 SKRUEHULLER GALVANISERET ST\u00c5L"}]},{"@type":"WebSite","@id":"https:\/\/lan-com.dk\/#website","url":"https:\/\/lan-com.dk\/","name":"Lan-Com A\/S","description":"Leverand\u00f8rer af IT-kabelsystemer til El og tele markedet","publisher":{"@id":"https:\/\/lan-com.dk\/#organization"},"potentialAction":[{"@type":"SearchAction","target":{"@type":"EntryPoint","urlTemplate":"https:\/\/lan-com.dk\/?s={search_term_string}"},"query-input":{"@type":"PropertyValueSpecification","valueRequired":true,"valueName":"search_term_string"}}],"inLanguage":"da-DK"},{"@type":"Organization","@id":"https:\/\/lan-com.dk\/#organization","name":"Lan-Com A\/S","url":"https:\/\/lan-com.dk\/","logo":{"@type":"ImageObject","inLanguage":"da-DK","@id":"https:\/\/lan-com.dk\/#\/schema\/logo\/image\/","url":"https:\/\/lan-com.dk\/shop\/wp-content\/uploads\/2024\/11\/cropped-lan-com-logo.png","contentUrl":"https:\/\/lan-com.dk\/shop\/wp-content\/uploads\/2024\/11\/cropped-lan-com-logo.png","width":246,"height":43,"caption":"Lan-Com A\/S"},"image":{"@id":"https:\/\/lan-com.dk\/#\/schema\/logo\/image\/"}}]}},"_links":{"self":[{"href":"https:\/\/lan-com.dk\/shop\/wp-json\/wp\/v2\/product\/9686","targetHints":{"allow":["GET"]}}],"collection":[{"href":"https:\/\/lan-com.dk\/shop\/wp-json\/wp\/v2\/product"}],"about":[{"href":"https:\/\/lan-com.dk\/shop\/wp-json\/wp\/v2\/types\/product"}],"wp:featuredmedia":[{"embeddable":true,"href":"https:\/\/lan-com.dk\/shop\/wp-json\/wp\/v2\/media\/12889"}],"wp:attachment":[{"href":"https:\/\/lan-com.dk\/shop\/wp-json\/wp\/v2\/media?parent=9686"}],"wp:term":[{"taxonomy":"product_brand","embeddable":true,"href":"https:\/\/lan-com.dk\/shop\/wp-json\/wp\/v2\/product_brand?post=9686"},{"taxonomy":"product_cat","embeddable":true,"href":"https:\/\/lan-com.dk\/shop\/wp-json\/wp\/v2\/product_cat?post=9686"},{"taxonomy":"product_tag","embeddable":true,"href":"https:\/\/lan-com.dk\/shop\/wp-json\/wp\/v2\/product_tag?post=9686"}],"curies":[{"name":"wp","href":"https:\/\/api.w.org\/{rel}","templated":true}]}}