{"id":9628,"date":"2025-03-18T15:34:53","date_gmt":"2025-03-18T14:34:53","guid":{"rendered":"https:\/\/lan-com.dk\/vare\/240-horisontal-bend-90-deg\/"},"modified":"2026-03-30T14:18:43","modified_gmt":"2026-03-30T12:18:43","slug":"240-horisontal-bend-90-deg","status":"publish","type":"product","link":"https:\/\/lan-com.dk\/shop\/vare\/240-horisontal-bend-90-deg\/","title":{"rendered":"240 HORISONTAL BEND 90 DEG"},"content":{"rendered":"<ul>\n<li>Anvendes i datacenter som f\u00f8ringsvej mellem<\/li>\n<li>Materiale: ABS-plast<\/li>\n<li>krydsfelter. F\u00f8ringsvejene har bl\u00f8de buk og <\/li>\n<li>St\u00f8rrelse; 100&#215;240 mm<\/li>\n<li>ingen skarpe kanter og s\u00f8rger for, <\/li>\n<li>Temperatur: -5\u00b0C &#8211; 45\u00b0C<\/li>\n<li>at fiberkablerne for mindst mulig<\/li>\n<li>Atmof\u00e6risk tryk: 70kPa &#8211; 106kPa<\/li>\n<li>d\u00e6mpning (makrobending).<\/li>\n<li>Luftfugtighed: &lt;85%<\/li>\n<li>Standard: RoHS 2011\/65<\/li>\n<li>Parkning: 1 stk. <\/li>\n<\/ul>\n","protected":false},"excerpt":{"rendered":"<p>Anvendes i datacenter som f\u00f8ringsvej mellem Materiale: ABS-plast krydsfelter. F\u00f8ringsvejene har bl\u00f8de buk og St\u00f8rrelse; 100&#215;240 mm ingen skarpe kanter og s\u00f8rger for, Temperatur: -5\u00b0C &#8211; 45\u00b0C at fiberkablerne for mindst mulig Atmof\u00e6risk tryk: 70kPa &#8211; 106kPa d\u00e6mpning (makrobending). Luftfugtighed: &lt;85% Standard: RoHS 2011\/65 Parkning: 1 stk.<\/p>\n","protected":false},"featured_media":14332,"template":"","meta":{"_acf_changed":false},"product_brand":[],"product_cat":[186],"product_tag":[],"class_list":{"0":"post-9628","1":"product","2":"type-product","3":"status-publish","4":"has-post-thumbnail","6":"product_cat-yellow-trunk-serie","8":"first","9":"instock","10":"taxable","11":"shipping-taxable","12":"product-type-simple"},"acf":[],"yoast_head":"<!-- This site is optimized with the Yoast SEO plugin v24.8.1 - https:\/\/yoast.com\/wordpress\/plugins\/seo\/ -->\n<title>240 HORISONTAL BEND 90 DEG - Lan-Com A\/S<\/title>\n<meta name=\"robots\" content=\"index, follow, max-snippet:-1, max-image-preview:large, max-video-preview:-1\" \/>\n<link rel=\"canonical\" href=\"https:\/\/lan-com.dk\/shop\/vare\/240-horisontal-bend-90-deg\/\" \/>\n<meta property=\"og:locale\" content=\"da_DK\" \/>\n<meta property=\"og:type\" content=\"article\" \/>\n<meta property=\"og:title\" content=\"240 HORISONTAL BEND 90 DEG - Lan-Com A\/S\" \/>\n<meta property=\"og:description\" content=\"Anvendes i datacenter som f\u00f8ringsvej mellem Materiale: ABS-plast krydsfelter. F\u00f8ringsvejene har bl\u00f8de buk og St\u00f8rrelse; 100&#215;240 mm ingen skarpe kanter og s\u00f8rger for, Temperatur: -5\u00b0C &#8211; 45\u00b0C at fiberkablerne for mindst mulig Atmof\u00e6risk tryk: 70kPa &#8211; 106kPa d\u00e6mpning (makrobending). Luftfugtighed: &lt;85% Standard: RoHS 2011\/65 Parkning: 1 stk.\" \/>\n<meta property=\"og:url\" content=\"https:\/\/lan-com.dk\/shop\/vare\/240-horisontal-bend-90-deg\/\" \/>\n<meta property=\"og:site_name\" content=\"Lan-Com A\/S\" \/>\n<meta property=\"article:modified_time\" content=\"2026-03-30T12:18:43+00:00\" \/>\n<meta property=\"og:image\" content=\"https:\/\/lan-com.dk\/wp-content\/uploads\/2025\/03\/591035-scaled.jpg\" \/>\n\t<meta property=\"og:image:width\" content=\"1810\" \/>\n\t<meta property=\"og:image:height\" content=\"2560\" \/>\n\t<meta property=\"og:image:type\" content=\"image\/jpeg\" \/>\n<meta name=\"twitter:card\" content=\"summary_large_image\" \/>\n<script type=\"application\/ld+json\" class=\"yoast-schema-graph\">{\"@context\":\"https:\/\/schema.org\",\"@graph\":[{\"@type\":\"WebPage\",\"@id\":\"https:\/\/lan-com.dk\/shop\/vare\/240-horisontal-bend-90-deg\/\",\"url\":\"https:\/\/lan-com.dk\/shop\/vare\/240-horisontal-bend-90-deg\/\",\"name\":\"240 HORISONTAL BEND 90 DEG - Lan-Com A\/S\",\"isPartOf\":{\"@id\":\"https:\/\/lan-com.dk\/#website\"},\"primaryImageOfPage\":{\"@id\":\"https:\/\/lan-com.dk\/shop\/vare\/240-horisontal-bend-90-deg\/#primaryimage\"},\"image\":{\"@id\":\"https:\/\/lan-com.dk\/shop\/vare\/240-horisontal-bend-90-deg\/#primaryimage\"},\"thumbnailUrl\":\"https:\/\/lan-com.dk\/shop\/wp-content\/uploads\/2025\/03\/591035-scaled.jpg\",\"datePublished\":\"2025-03-18T14:34:53+00:00\",\"dateModified\":\"2026-03-30T12:18:43+00:00\",\"breadcrumb\":{\"@id\":\"https:\/\/lan-com.dk\/shop\/vare\/240-horisontal-bend-90-deg\/#breadcrumb\"},\"inLanguage\":\"da-DK\",\"potentialAction\":[{\"@type\":\"ReadAction\",\"target\":[\"https:\/\/lan-com.dk\/shop\/vare\/240-horisontal-bend-90-deg\/\"]}]},{\"@type\":\"ImageObject\",\"inLanguage\":\"da-DK\",\"@id\":\"https:\/\/lan-com.dk\/shop\/vare\/240-horisontal-bend-90-deg\/#primaryimage\",\"url\":\"https:\/\/lan-com.dk\/shop\/wp-content\/uploads\/2025\/03\/591035-scaled.jpg\",\"contentUrl\":\"https:\/\/lan-com.dk\/shop\/wp-content\/uploads\/2025\/03\/591035-scaled.jpg\",\"width\":1810,\"height\":2560},{\"@type\":\"BreadcrumbList\",\"@id\":\"https:\/\/lan-com.dk\/shop\/vare\/240-horisontal-bend-90-deg\/#breadcrumb\",\"itemListElement\":[{\"@type\":\"ListItem\",\"position\":1,\"name\":\"Home\",\"item\":\"https:\/\/lan-com.dk\/shop\/\"},{\"@type\":\"ListItem\",\"position\":2,\"name\":\"Shop\",\"item\":\"https:\/\/lan-com.dk\/shop\/\"},{\"@type\":\"ListItem\",\"position\":3,\"name\":\"240 HORISONTAL BEND 90 DEG\"}]},{\"@type\":\"WebSite\",\"@id\":\"https:\/\/lan-com.dk\/#website\",\"url\":\"https:\/\/lan-com.dk\/\",\"name\":\"Lan-Com A\/S\",\"description\":\"Leverand\u00f8rer af IT-kabelsystemer til El og tele markedet\",\"publisher\":{\"@id\":\"https:\/\/lan-com.dk\/#organization\"},\"potentialAction\":[{\"@type\":\"SearchAction\",\"target\":{\"@type\":\"EntryPoint\",\"urlTemplate\":\"https:\/\/lan-com.dk\/?s={search_term_string}\"},\"query-input\":{\"@type\":\"PropertyValueSpecification\",\"valueRequired\":true,\"valueName\":\"search_term_string\"}}],\"inLanguage\":\"da-DK\"},{\"@type\":\"Organization\",\"@id\":\"https:\/\/lan-com.dk\/#organization\",\"name\":\"Lan-Com A\/S\",\"url\":\"https:\/\/lan-com.dk\/\",\"logo\":{\"@type\":\"ImageObject\",\"inLanguage\":\"da-DK\",\"@id\":\"https:\/\/lan-com.dk\/#\/schema\/logo\/image\/\",\"url\":\"https:\/\/lan-com.dk\/shop\/wp-content\/uploads\/2024\/11\/cropped-lan-com-logo.png\",\"contentUrl\":\"https:\/\/lan-com.dk\/shop\/wp-content\/uploads\/2024\/11\/cropped-lan-com-logo.png\",\"width\":246,\"height\":43,\"caption\":\"Lan-Com A\/S\"},\"image\":{\"@id\":\"https:\/\/lan-com.dk\/#\/schema\/logo\/image\/\"}}]}<\/script>\n<!-- \/ Yoast SEO plugin. -->","yoast_head_json":{"title":"240 HORISONTAL BEND 90 DEG - Lan-Com A\/S","robots":{"index":"index","follow":"follow","max-snippet":"max-snippet:-1","max-image-preview":"max-image-preview:large","max-video-preview":"max-video-preview:-1"},"canonical":"https:\/\/lan-com.dk\/shop\/vare\/240-horisontal-bend-90-deg\/","og_locale":"da_DK","og_type":"article","og_title":"240 HORISONTAL BEND 90 DEG - Lan-Com A\/S","og_description":"Anvendes i datacenter som f\u00f8ringsvej mellem Materiale: ABS-plast krydsfelter. F\u00f8ringsvejene har bl\u00f8de buk og St\u00f8rrelse; 100&#215;240 mm ingen skarpe kanter og s\u00f8rger for, Temperatur: -5\u00b0C &#8211; 45\u00b0C at fiberkablerne for mindst mulig Atmof\u00e6risk tryk: 70kPa &#8211; 106kPa d\u00e6mpning (makrobending). Luftfugtighed: &lt;85% Standard: RoHS 2011\/65 Parkning: 1 stk.","og_url":"https:\/\/lan-com.dk\/shop\/vare\/240-horisontal-bend-90-deg\/","og_site_name":"Lan-Com A\/S","article_modified_time":"2026-03-30T12:18:43+00:00","og_image":[{"width":1810,"height":2560,"url":"https:\/\/lan-com.dk\/wp-content\/uploads\/2025\/03\/591035-scaled.jpg","type":"image\/jpeg"}],"twitter_card":"summary_large_image","schema":{"@context":"https:\/\/schema.org","@graph":[{"@type":"WebPage","@id":"https:\/\/lan-com.dk\/shop\/vare\/240-horisontal-bend-90-deg\/","url":"https:\/\/lan-com.dk\/shop\/vare\/240-horisontal-bend-90-deg\/","name":"240 HORISONTAL BEND 90 DEG - Lan-Com A\/S","isPartOf":{"@id":"https:\/\/lan-com.dk\/#website"},"primaryImageOfPage":{"@id":"https:\/\/lan-com.dk\/shop\/vare\/240-horisontal-bend-90-deg\/#primaryimage"},"image":{"@id":"https:\/\/lan-com.dk\/shop\/vare\/240-horisontal-bend-90-deg\/#primaryimage"},"thumbnailUrl":"https:\/\/lan-com.dk\/shop\/wp-content\/uploads\/2025\/03\/591035-scaled.jpg","datePublished":"2025-03-18T14:34:53+00:00","dateModified":"2026-03-30T12:18:43+00:00","breadcrumb":{"@id":"https:\/\/lan-com.dk\/shop\/vare\/240-horisontal-bend-90-deg\/#breadcrumb"},"inLanguage":"da-DK","potentialAction":[{"@type":"ReadAction","target":["https:\/\/lan-com.dk\/shop\/vare\/240-horisontal-bend-90-deg\/"]}]},{"@type":"ImageObject","inLanguage":"da-DK","@id":"https:\/\/lan-com.dk\/shop\/vare\/240-horisontal-bend-90-deg\/#primaryimage","url":"https:\/\/lan-com.dk\/shop\/wp-content\/uploads\/2025\/03\/591035-scaled.jpg","contentUrl":"https:\/\/lan-com.dk\/shop\/wp-content\/uploads\/2025\/03\/591035-scaled.jpg","width":1810,"height":2560},{"@type":"BreadcrumbList","@id":"https:\/\/lan-com.dk\/shop\/vare\/240-horisontal-bend-90-deg\/#breadcrumb","itemListElement":[{"@type":"ListItem","position":1,"name":"Home","item":"https:\/\/lan-com.dk\/shop\/"},{"@type":"ListItem","position":2,"name":"Shop","item":"https:\/\/lan-com.dk\/shop\/"},{"@type":"ListItem","position":3,"name":"240 HORISONTAL BEND 90 DEG"}]},{"@type":"WebSite","@id":"https:\/\/lan-com.dk\/#website","url":"https:\/\/lan-com.dk\/","name":"Lan-Com A\/S","description":"Leverand\u00f8rer af IT-kabelsystemer til El og tele markedet","publisher":{"@id":"https:\/\/lan-com.dk\/#organization"},"potentialAction":[{"@type":"SearchAction","target":{"@type":"EntryPoint","urlTemplate":"https:\/\/lan-com.dk\/?s={search_term_string}"},"query-input":{"@type":"PropertyValueSpecification","valueRequired":true,"valueName":"search_term_string"}}],"inLanguage":"da-DK"},{"@type":"Organization","@id":"https:\/\/lan-com.dk\/#organization","name":"Lan-Com A\/S","url":"https:\/\/lan-com.dk\/","logo":{"@type":"ImageObject","inLanguage":"da-DK","@id":"https:\/\/lan-com.dk\/#\/schema\/logo\/image\/","url":"https:\/\/lan-com.dk\/shop\/wp-content\/uploads\/2024\/11\/cropped-lan-com-logo.png","contentUrl":"https:\/\/lan-com.dk\/shop\/wp-content\/uploads\/2024\/11\/cropped-lan-com-logo.png","width":246,"height":43,"caption":"Lan-Com A\/S"},"image":{"@id":"https:\/\/lan-com.dk\/#\/schema\/logo\/image\/"}}]}},"_links":{"self":[{"href":"https:\/\/lan-com.dk\/shop\/wp-json\/wp\/v2\/product\/9628","targetHints":{"allow":["GET"]}}],"collection":[{"href":"https:\/\/lan-com.dk\/shop\/wp-json\/wp\/v2\/product"}],"about":[{"href":"https:\/\/lan-com.dk\/shop\/wp-json\/wp\/v2\/types\/product"}],"wp:featuredmedia":[{"embeddable":true,"href":"https:\/\/lan-com.dk\/shop\/wp-json\/wp\/v2\/media\/14332"}],"wp:attachment":[{"href":"https:\/\/lan-com.dk\/shop\/wp-json\/wp\/v2\/media?parent=9628"}],"wp:term":[{"taxonomy":"product_brand","embeddable":true,"href":"https:\/\/lan-com.dk\/shop\/wp-json\/wp\/v2\/product_brand?post=9628"},{"taxonomy":"product_cat","embeddable":true,"href":"https:\/\/lan-com.dk\/shop\/wp-json\/wp\/v2\/product_cat?post=9628"},{"taxonomy":"product_tag","embeddable":true,"href":"https:\/\/lan-com.dk\/shop\/wp-json\/wp\/v2\/product_tag?post=9628"}],"curies":[{"name":"wp","href":"https:\/\/api.w.org\/{rel}","templated":true}]}}