{"id":9174,"date":"2025-03-18T15:33:15","date_gmt":"2025-03-18T14:33:15","guid":{"rendered":"https:\/\/lan-com.dk\/vare\/19-ip55-vaegskab-12he-h553xb600xd600mm-gd-lys-graa\/"},"modified":"2026-03-31T14:46:13","modified_gmt":"2026-03-31T12:46:13","slug":"19-ip55-vaegskab-12he-h553xb600xd600mm-gd-lys-graa","status":"publish","type":"product","link":"https:\/\/lan-com.dk\/shop\/vare\/19-ip55-vaegskab-12he-h553xb600xd600mm-gd-lys-graa\/","title":{"rendered":"19&#8243; IP65 V\u00c6GSKAB 7HE H353XB600XD600MM PD LYS GR\u00c5 LAN-RACK LRV-UD. VRIDERGREB FORB. FOR RUKO DR\u00c5BE"},"content":{"rendered":"<ul>\n<li>Anvendes til indend\u00f8rs installationer for data, <\/li>\n<li>Materiale: Galvaniseret st\u00e5l<\/li>\n<li>fiber og tele. <\/li>\n<li>Rackets IP55 konstruktion g\u00f8r det meget<\/li>\n<li>Tykkelse: 1,5 mm<\/li>\n<li> velegnet til industriel og st\u00f8vet brug.<\/li>\n<li>Farve: Lys gr\u00e5 RAL 7035<\/li>\n<li>Filtre ved ventilationen sikrer mod <\/li>\n<li>IP: IP55<\/li>\n<li>st\u00f8vsk\u00e6rmene.<\/li>\n<li>Gummipakning og 3-punkt lukning opretholder <\/li>\n<li>19&#8243; opsp\u00e6nding<\/li>\n<li>IP klassificeringen af d\u00f8ren.<\/li>\n<li>HE: 12<\/li>\n<li>Der medf\u00f8lger PG forskruninger for kabelindgange.<\/li>\n<li>Bredde: 600 mm<\/li>\n<li>Konstruktionen i 1,5mm tykt gods og epoxy\/polyeste<\/li>\n<li>Dybde: 600 mm<\/li>\n<li>lakering, g\u00f8r racket meget robust og sikrer lang l<\/li>\n<li>Max belastningw: 100 kg<\/li>\n<li>Pakning: 1 stk.<\/li>\n<li>Tilk\u00f8b: <\/li>\n<li>Fantray 2xfan + termostat<\/li>\n<li>og 1,5m ledning<\/li>\n<li>Farve: gr\u00e5<\/li>\n<li>Varenr.: 252359<\/li>\n<\/ul>\n","protected":false},"excerpt":{"rendered":"<p>LAN-RACK LRV-UD. VRIDERGREB FORB. FOR RUKO DR\u00c5BE<\/p>\n","protected":false},"featured_media":18594,"template":"","meta":{"_acf_changed":false},"product_brand":[],"product_cat":[162],"product_tag":[],"class_list":{"0":"post-9174","1":"product","2":"type-product","3":"status-publish","4":"has-post-thumbnail","6":"product_cat-vaegskabe","8":"first","9":"instock","10":"taxable","11":"shipping-taxable","12":"product-type-simple"},"acf":[],"yoast_head":"<!-- This site is optimized with the Yoast SEO plugin v24.8.1 - https:\/\/yoast.com\/wordpress\/plugins\/seo\/ -->\n<title>19&quot; IP65 V\u00c6GSKAB 7HE H353XB600XD600MM PD LYS GR\u00c5 LAN-RACK LRV-UD. VRIDERGREB FORB. FOR RUKO DR\u00c5BE - Lan-Com A\/S<\/title>\n<meta name=\"robots\" content=\"index, follow, max-snippet:-1, max-image-preview:large, max-video-preview:-1\" \/>\n<link rel=\"canonical\" href=\"https:\/\/lan-com.dk\/shop\/vare\/19-ip55-vaegskab-12he-h553xb600xd600mm-gd-lys-graa\/\" \/>\n<meta property=\"og:locale\" content=\"da_DK\" \/>\n<meta property=\"og:type\" content=\"article\" \/>\n<meta property=\"og:title\" content=\"19&quot; IP65 V\u00c6GSKAB 7HE H353XB600XD600MM PD LYS GR\u00c5 LAN-RACK LRV-UD. VRIDERGREB FORB. FOR RUKO DR\u00c5BE - Lan-Com A\/S\" \/>\n<meta property=\"og:description\" content=\"LAN-RACK LRV-UD. VRIDERGREB FORB. FOR RUKO DR\u00c5BE\" \/>\n<meta property=\"og:url\" content=\"https:\/\/lan-com.dk\/shop\/vare\/19-ip55-vaegskab-12he-h553xb600xd600mm-gd-lys-graa\/\" \/>\n<meta property=\"og:site_name\" content=\"Lan-Com A\/S\" \/>\n<meta property=\"article:modified_time\" content=\"2026-03-31T12:46:13+00:00\" \/>\n<meta property=\"og:image\" content=\"https:\/\/lan-com.dk\/shop\/wp-content\/uploads\/2025\/03\/242830.jpg\" \/>\n\t<meta property=\"og:image:width\" content=\"458\" \/>\n\t<meta property=\"og:image:height\" content=\"458\" \/>\n\t<meta property=\"og:image:type\" content=\"image\/jpeg\" \/>\n<meta name=\"twitter:card\" content=\"summary_large_image\" \/>\n<script type=\"application\/ld+json\" class=\"yoast-schema-graph\">{\"@context\":\"https:\/\/schema.org\",\"@graph\":[{\"@type\":\"WebPage\",\"@id\":\"https:\/\/lan-com.dk\/shop\/vare\/19-ip55-vaegskab-12he-h553xb600xd600mm-gd-lys-graa\/\",\"url\":\"https:\/\/lan-com.dk\/shop\/vare\/19-ip55-vaegskab-12he-h553xb600xd600mm-gd-lys-graa\/\",\"name\":\"19\\\" IP65 V\u00c6GSKAB 7HE H353XB600XD600MM PD LYS GR\u00c5 LAN-RACK LRV-UD. VRIDERGREB FORB. FOR RUKO DR\u00c5BE - Lan-Com A\/S\",\"isPartOf\":{\"@id\":\"https:\/\/lan-com.dk\/#website\"},\"primaryImageOfPage\":{\"@id\":\"https:\/\/lan-com.dk\/shop\/vare\/19-ip55-vaegskab-12he-h553xb600xd600mm-gd-lys-graa\/#primaryimage\"},\"image\":{\"@id\":\"https:\/\/lan-com.dk\/shop\/vare\/19-ip55-vaegskab-12he-h553xb600xd600mm-gd-lys-graa\/#primaryimage\"},\"thumbnailUrl\":\"https:\/\/lan-com.dk\/shop\/wp-content\/uploads\/2026\/03\/242830.jpg\",\"datePublished\":\"2025-03-18T14:33:15+00:00\",\"dateModified\":\"2026-03-31T12:46:13+00:00\",\"breadcrumb\":{\"@id\":\"https:\/\/lan-com.dk\/shop\/vare\/19-ip55-vaegskab-12he-h553xb600xd600mm-gd-lys-graa\/#breadcrumb\"},\"inLanguage\":\"da-DK\",\"potentialAction\":[{\"@type\":\"ReadAction\",\"target\":[\"https:\/\/lan-com.dk\/shop\/vare\/19-ip55-vaegskab-12he-h553xb600xd600mm-gd-lys-graa\/\"]}]},{\"@type\":\"ImageObject\",\"inLanguage\":\"da-DK\",\"@id\":\"https:\/\/lan-com.dk\/shop\/vare\/19-ip55-vaegskab-12he-h553xb600xd600mm-gd-lys-graa\/#primaryimage\",\"url\":\"https:\/\/lan-com.dk\/shop\/wp-content\/uploads\/2026\/03\/242830.jpg\",\"contentUrl\":\"https:\/\/lan-com.dk\/shop\/wp-content\/uploads\/2026\/03\/242830.jpg\",\"width\":458,\"height\":458},{\"@type\":\"BreadcrumbList\",\"@id\":\"https:\/\/lan-com.dk\/shop\/vare\/19-ip55-vaegskab-12he-h553xb600xd600mm-gd-lys-graa\/#breadcrumb\",\"itemListElement\":[{\"@type\":\"ListItem\",\"position\":1,\"name\":\"Home\",\"item\":\"https:\/\/lan-com.dk\/shop\/\"},{\"@type\":\"ListItem\",\"position\":2,\"name\":\"Shop\",\"item\":\"https:\/\/lan-com.dk\/shop\/\"},{\"@type\":\"ListItem\",\"position\":3,\"name\":\"19&#8243; IP65 V\u00c6GSKAB 7HE H353XB600XD600MM PD LYS GR\u00c5 LAN-RACK LRV-UD. VRIDERGREB FORB. FOR RUKO DR\u00c5BE\"}]},{\"@type\":\"WebSite\",\"@id\":\"https:\/\/lan-com.dk\/#website\",\"url\":\"https:\/\/lan-com.dk\/\",\"name\":\"Lan-Com A\/S\",\"description\":\"Leverand\u00f8rer af IT-kabelsystemer til El og tele markedet\",\"publisher\":{\"@id\":\"https:\/\/lan-com.dk\/#organization\"},\"potentialAction\":[{\"@type\":\"SearchAction\",\"target\":{\"@type\":\"EntryPoint\",\"urlTemplate\":\"https:\/\/lan-com.dk\/?s={search_term_string}\"},\"query-input\":{\"@type\":\"PropertyValueSpecification\",\"valueRequired\":true,\"valueName\":\"search_term_string\"}}],\"inLanguage\":\"da-DK\"},{\"@type\":\"Organization\",\"@id\":\"https:\/\/lan-com.dk\/#organization\",\"name\":\"Lan-Com A\/S\",\"url\":\"https:\/\/lan-com.dk\/\",\"logo\":{\"@type\":\"ImageObject\",\"inLanguage\":\"da-DK\",\"@id\":\"https:\/\/lan-com.dk\/#\/schema\/logo\/image\/\",\"url\":\"https:\/\/lan-com.dk\/shop\/wp-content\/uploads\/2024\/11\/cropped-lan-com-logo.png\",\"contentUrl\":\"https:\/\/lan-com.dk\/shop\/wp-content\/uploads\/2024\/11\/cropped-lan-com-logo.png\",\"width\":246,\"height\":43,\"caption\":\"Lan-Com A\/S\"},\"image\":{\"@id\":\"https:\/\/lan-com.dk\/#\/schema\/logo\/image\/\"}}]}<\/script>\n<!-- \/ Yoast SEO plugin. -->","yoast_head_json":{"title":"19\" IP65 V\u00c6GSKAB 7HE H353XB600XD600MM PD LYS GR\u00c5 LAN-RACK LRV-UD. VRIDERGREB FORB. FOR RUKO DR\u00c5BE - Lan-Com A\/S","robots":{"index":"index","follow":"follow","max-snippet":"max-snippet:-1","max-image-preview":"max-image-preview:large","max-video-preview":"max-video-preview:-1"},"canonical":"https:\/\/lan-com.dk\/shop\/vare\/19-ip55-vaegskab-12he-h553xb600xd600mm-gd-lys-graa\/","og_locale":"da_DK","og_type":"article","og_title":"19\" IP65 V\u00c6GSKAB 7HE H353XB600XD600MM PD LYS GR\u00c5 LAN-RACK LRV-UD. VRIDERGREB FORB. FOR RUKO DR\u00c5BE - Lan-Com A\/S","og_description":"LAN-RACK LRV-UD. VRIDERGREB FORB. FOR RUKO DR\u00c5BE","og_url":"https:\/\/lan-com.dk\/shop\/vare\/19-ip55-vaegskab-12he-h553xb600xd600mm-gd-lys-graa\/","og_site_name":"Lan-Com A\/S","article_modified_time":"2026-03-31T12:46:13+00:00","og_image":[{"width":458,"height":458,"url":"https:\/\/lan-com.dk\/shop\/wp-content\/uploads\/2025\/03\/242830.jpg","type":"image\/jpeg"}],"twitter_card":"summary_large_image","schema":{"@context":"https:\/\/schema.org","@graph":[{"@type":"WebPage","@id":"https:\/\/lan-com.dk\/shop\/vare\/19-ip55-vaegskab-12he-h553xb600xd600mm-gd-lys-graa\/","url":"https:\/\/lan-com.dk\/shop\/vare\/19-ip55-vaegskab-12he-h553xb600xd600mm-gd-lys-graa\/","name":"19\" IP65 V\u00c6GSKAB 7HE H353XB600XD600MM PD LYS GR\u00c5 LAN-RACK LRV-UD. VRIDERGREB FORB. FOR RUKO DR\u00c5BE - Lan-Com A\/S","isPartOf":{"@id":"https:\/\/lan-com.dk\/#website"},"primaryImageOfPage":{"@id":"https:\/\/lan-com.dk\/shop\/vare\/19-ip55-vaegskab-12he-h553xb600xd600mm-gd-lys-graa\/#primaryimage"},"image":{"@id":"https:\/\/lan-com.dk\/shop\/vare\/19-ip55-vaegskab-12he-h553xb600xd600mm-gd-lys-graa\/#primaryimage"},"thumbnailUrl":"https:\/\/lan-com.dk\/shop\/wp-content\/uploads\/2026\/03\/242830.jpg","datePublished":"2025-03-18T14:33:15+00:00","dateModified":"2026-03-31T12:46:13+00:00","breadcrumb":{"@id":"https:\/\/lan-com.dk\/shop\/vare\/19-ip55-vaegskab-12he-h553xb600xd600mm-gd-lys-graa\/#breadcrumb"},"inLanguage":"da-DK","potentialAction":[{"@type":"ReadAction","target":["https:\/\/lan-com.dk\/shop\/vare\/19-ip55-vaegskab-12he-h553xb600xd600mm-gd-lys-graa\/"]}]},{"@type":"ImageObject","inLanguage":"da-DK","@id":"https:\/\/lan-com.dk\/shop\/vare\/19-ip55-vaegskab-12he-h553xb600xd600mm-gd-lys-graa\/#primaryimage","url":"https:\/\/lan-com.dk\/shop\/wp-content\/uploads\/2026\/03\/242830.jpg","contentUrl":"https:\/\/lan-com.dk\/shop\/wp-content\/uploads\/2026\/03\/242830.jpg","width":458,"height":458},{"@type":"BreadcrumbList","@id":"https:\/\/lan-com.dk\/shop\/vare\/19-ip55-vaegskab-12he-h553xb600xd600mm-gd-lys-graa\/#breadcrumb","itemListElement":[{"@type":"ListItem","position":1,"name":"Home","item":"https:\/\/lan-com.dk\/shop\/"},{"@type":"ListItem","position":2,"name":"Shop","item":"https:\/\/lan-com.dk\/shop\/"},{"@type":"ListItem","position":3,"name":"19&#8243; IP65 V\u00c6GSKAB 7HE H353XB600XD600MM PD LYS GR\u00c5 LAN-RACK LRV-UD. VRIDERGREB FORB. FOR RUKO DR\u00c5BE"}]},{"@type":"WebSite","@id":"https:\/\/lan-com.dk\/#website","url":"https:\/\/lan-com.dk\/","name":"Lan-Com A\/S","description":"Leverand\u00f8rer af IT-kabelsystemer til El og tele markedet","publisher":{"@id":"https:\/\/lan-com.dk\/#organization"},"potentialAction":[{"@type":"SearchAction","target":{"@type":"EntryPoint","urlTemplate":"https:\/\/lan-com.dk\/?s={search_term_string}"},"query-input":{"@type":"PropertyValueSpecification","valueRequired":true,"valueName":"search_term_string"}}],"inLanguage":"da-DK"},{"@type":"Organization","@id":"https:\/\/lan-com.dk\/#organization","name":"Lan-Com A\/S","url":"https:\/\/lan-com.dk\/","logo":{"@type":"ImageObject","inLanguage":"da-DK","@id":"https:\/\/lan-com.dk\/#\/schema\/logo\/image\/","url":"https:\/\/lan-com.dk\/shop\/wp-content\/uploads\/2024\/11\/cropped-lan-com-logo.png","contentUrl":"https:\/\/lan-com.dk\/shop\/wp-content\/uploads\/2024\/11\/cropped-lan-com-logo.png","width":246,"height":43,"caption":"Lan-Com A\/S"},"image":{"@id":"https:\/\/lan-com.dk\/#\/schema\/logo\/image\/"}}]}},"_links":{"self":[{"href":"https:\/\/lan-com.dk\/shop\/wp-json\/wp\/v2\/product\/9174","targetHints":{"allow":["GET"]}}],"collection":[{"href":"https:\/\/lan-com.dk\/shop\/wp-json\/wp\/v2\/product"}],"about":[{"href":"https:\/\/lan-com.dk\/shop\/wp-json\/wp\/v2\/types\/product"}],"wp:featuredmedia":[{"embeddable":true,"href":"https:\/\/lan-com.dk\/shop\/wp-json\/wp\/v2\/media\/18594"}],"wp:attachment":[{"href":"https:\/\/lan-com.dk\/shop\/wp-json\/wp\/v2\/media?parent=9174"}],"wp:term":[{"taxonomy":"product_brand","embeddable":true,"href":"https:\/\/lan-com.dk\/shop\/wp-json\/wp\/v2\/product_brand?post=9174"},{"taxonomy":"product_cat","embeddable":true,"href":"https:\/\/lan-com.dk\/shop\/wp-json\/wp\/v2\/product_cat?post=9174"},{"taxonomy":"product_tag","embeddable":true,"href":"https:\/\/lan-com.dk\/shop\/wp-json\/wp\/v2\/product_tag?post=9174"}],"curies":[{"name":"wp","href":"https:\/\/api.w.org\/{rel}","templated":true}]}}