{"id":8789,"date":"2025-03-18T15:31:41","date_gmt":"2025-03-18T14:31:41","guid":{"rendered":"https:\/\/lan-com.dk\/vare\/lan-optic-ftth-fiber-vaegboks-for-splidsning\/"},"modified":"2026-03-30T14:20:04","modified_gmt":"2026-03-30T12:20:04","slug":"lan-optic-ftth-fiber-vaegboks-for-splidsning","status":"publish","type":"product","link":"https:\/\/lan-com.dk\/shop\/vare\/lan-optic-ftth-fiber-vaegboks-for-splidsning\/","title":{"rendered":"LAN-OPTIC FTTH FIBER V\u00c6GBOKS FOR SPLIDSNING OP TIL 12 KABLER OG 4 x K7 KASSETTER"},"content":{"rendered":"<ul>\n<li>V\u00e6gh\u00e6ngt fiberboks velegnet til FTTH l\u00f8sninger.<\/li>\n<li>St\u00f8rrelse: H210 x B160 x D60 mm<\/li>\n<li>Op til 12 FTTH kabler (max \u00d84,5mm) kan termineres <\/li>\n<li>i boksen.<\/li>\n<li>Materiale: Plast LSZH<\/li>\n<li>Mulighed for kabelgennemf\u00f8ring <\/li>\n<li>Farve: Hvid<\/li>\n<li>i siderne max \u00d8 15,5mm<\/li>\n<li>Kabelbindere for fastg\u00f8relse af kabeler medf\u00f8lger<\/li>\n<li>IP-klassificering: IP30<\/li>\n<li>Op til 4 stk. K7 kassetter<\/li>\n<li>Mulighed for tilk\u00f8b (varenr.: 230995) af K7 splids<\/li>\n<li>Max antal kabler: 12 stk.<\/li>\n<li>Oprindelsesland: Frankrig<\/li>\n<li>Kabel \u00d8 max: 4,5mm<\/li>\n<li>HS-kode: 9030400000<\/li>\n<li>Kabelbindere: 12 stk.<\/li>\n<li>K7 kassetter: 4 stk. (Tilk\u00f8b)<\/li>\n<li>Tilk\u00f8b: K7 splidsekassette<\/li>\n<li>(varenr.: 230995)<\/li>\n<li>Pakning: 1 stk.<\/li>\n<\/ul>\n","protected":false},"excerpt":{"rendered":"<p>OP TIL 12 KABLER OG 4 x K7 KASSETTER<\/p>\n","protected":false},"featured_media":12444,"template":"","meta":{"_acf_changed":false},"product_brand":[],"product_cat":[143],"product_tag":[],"class_list":{"0":"post-8789","1":"product","2":"type-product","3":"status-publish","4":"has-post-thumbnail","6":"product_cat-fiber-optiske-skabe-og-vaegbokse","8":"first","9":"instock","10":"taxable","11":"shipping-taxable","12":"product-type-simple"},"acf":[],"yoast_head":"<!-- This site is optimized with the Yoast SEO plugin v24.8.1 - https:\/\/yoast.com\/wordpress\/plugins\/seo\/ -->\n<title>LAN-OPTIC FTTH FIBER V\u00c6GBOKS FOR SPLIDSNING OP TIL 12 KABLER OG 4 x K7 KASSETTER - Lan-Com A\/S<\/title>\n<meta name=\"robots\" content=\"index, follow, max-snippet:-1, max-image-preview:large, max-video-preview:-1\" \/>\n<link rel=\"canonical\" href=\"https:\/\/lan-com.dk\/shop\/vare\/lan-optic-ftth-fiber-vaegboks-for-splidsning\/\" \/>\n<meta property=\"og:locale\" content=\"da_DK\" \/>\n<meta property=\"og:type\" content=\"article\" \/>\n<meta property=\"og:title\" content=\"LAN-OPTIC FTTH FIBER V\u00c6GBOKS FOR SPLIDSNING OP TIL 12 KABLER OG 4 x K7 KASSETTER - Lan-Com A\/S\" \/>\n<meta property=\"og:description\" content=\"OP TIL 12 KABLER OG 4 x K7 KASSETTER\" \/>\n<meta property=\"og:url\" content=\"https:\/\/lan-com.dk\/shop\/vare\/lan-optic-ftth-fiber-vaegboks-for-splidsning\/\" \/>\n<meta property=\"og:site_name\" content=\"Lan-Com A\/S\" \/>\n<meta property=\"article:modified_time\" content=\"2026-03-30T12:20:04+00:00\" \/>\n<meta property=\"og:image\" content=\"https:\/\/lan-com.dk\/wp-content\/uploads\/2025\/03\/231676.jpg\" \/>\n\t<meta property=\"og:image:width\" content=\"458\" \/>\n\t<meta property=\"og:image:height\" content=\"458\" \/>\n\t<meta property=\"og:image:type\" content=\"image\/jpeg\" \/>\n<meta name=\"twitter:card\" content=\"summary_large_image\" \/>\n<script type=\"application\/ld+json\" class=\"yoast-schema-graph\">{\"@context\":\"https:\/\/schema.org\",\"@graph\":[{\"@type\":\"WebPage\",\"@id\":\"https:\/\/lan-com.dk\/shop\/vare\/lan-optic-ftth-fiber-vaegboks-for-splidsning\/\",\"url\":\"https:\/\/lan-com.dk\/shop\/vare\/lan-optic-ftth-fiber-vaegboks-for-splidsning\/\",\"name\":\"LAN-OPTIC FTTH FIBER V\u00c6GBOKS FOR SPLIDSNING OP TIL 12 KABLER OG 4 x K7 KASSETTER - Lan-Com A\/S\",\"isPartOf\":{\"@id\":\"https:\/\/lan-com.dk\/#website\"},\"primaryImageOfPage\":{\"@id\":\"https:\/\/lan-com.dk\/shop\/vare\/lan-optic-ftth-fiber-vaegboks-for-splidsning\/#primaryimage\"},\"image\":{\"@id\":\"https:\/\/lan-com.dk\/shop\/vare\/lan-optic-ftth-fiber-vaegboks-for-splidsning\/#primaryimage\"},\"thumbnailUrl\":\"https:\/\/lan-com.dk\/shop\/wp-content\/uploads\/2025\/03\/231676.jpg\",\"datePublished\":\"2025-03-18T14:31:41+00:00\",\"dateModified\":\"2026-03-30T12:20:04+00:00\",\"breadcrumb\":{\"@id\":\"https:\/\/lan-com.dk\/shop\/vare\/lan-optic-ftth-fiber-vaegboks-for-splidsning\/#breadcrumb\"},\"inLanguage\":\"da-DK\",\"potentialAction\":[{\"@type\":\"ReadAction\",\"target\":[\"https:\/\/lan-com.dk\/shop\/vare\/lan-optic-ftth-fiber-vaegboks-for-splidsning\/\"]}]},{\"@type\":\"ImageObject\",\"inLanguage\":\"da-DK\",\"@id\":\"https:\/\/lan-com.dk\/shop\/vare\/lan-optic-ftth-fiber-vaegboks-for-splidsning\/#primaryimage\",\"url\":\"https:\/\/lan-com.dk\/shop\/wp-content\/uploads\/2025\/03\/231676.jpg\",\"contentUrl\":\"https:\/\/lan-com.dk\/shop\/wp-content\/uploads\/2025\/03\/231676.jpg\",\"width\":458,\"height\":458},{\"@type\":\"BreadcrumbList\",\"@id\":\"https:\/\/lan-com.dk\/shop\/vare\/lan-optic-ftth-fiber-vaegboks-for-splidsning\/#breadcrumb\",\"itemListElement\":[{\"@type\":\"ListItem\",\"position\":1,\"name\":\"Home\",\"item\":\"https:\/\/lan-com.dk\/shop\/\"},{\"@type\":\"ListItem\",\"position\":2,\"name\":\"Shop\",\"item\":\"https:\/\/lan-com.dk\/shop\/\"},{\"@type\":\"ListItem\",\"position\":3,\"name\":\"LAN-OPTIC FTTH FIBER V\u00c6GBOKS FOR SPLIDSNING OP TIL 12 KABLER OG 4 x K7 KASSETTER\"}]},{\"@type\":\"WebSite\",\"@id\":\"https:\/\/lan-com.dk\/#website\",\"url\":\"https:\/\/lan-com.dk\/\",\"name\":\"Lan-Com A\/S\",\"description\":\"Leverand\u00f8rer af IT-kabelsystemer til El og tele markedet\",\"publisher\":{\"@id\":\"https:\/\/lan-com.dk\/#organization\"},\"potentialAction\":[{\"@type\":\"SearchAction\",\"target\":{\"@type\":\"EntryPoint\",\"urlTemplate\":\"https:\/\/lan-com.dk\/?s={search_term_string}\"},\"query-input\":{\"@type\":\"PropertyValueSpecification\",\"valueRequired\":true,\"valueName\":\"search_term_string\"}}],\"inLanguage\":\"da-DK\"},{\"@type\":\"Organization\",\"@id\":\"https:\/\/lan-com.dk\/#organization\",\"name\":\"Lan-Com A\/S\",\"url\":\"https:\/\/lan-com.dk\/\",\"logo\":{\"@type\":\"ImageObject\",\"inLanguage\":\"da-DK\",\"@id\":\"https:\/\/lan-com.dk\/#\/schema\/logo\/image\/\",\"url\":\"https:\/\/lan-com.dk\/shop\/wp-content\/uploads\/2024\/11\/cropped-lan-com-logo.png\",\"contentUrl\":\"https:\/\/lan-com.dk\/shop\/wp-content\/uploads\/2024\/11\/cropped-lan-com-logo.png\",\"width\":246,\"height\":43,\"caption\":\"Lan-Com A\/S\"},\"image\":{\"@id\":\"https:\/\/lan-com.dk\/#\/schema\/logo\/image\/\"}}]}<\/script>\n<!-- \/ Yoast SEO plugin. -->","yoast_head_json":{"title":"LAN-OPTIC FTTH FIBER V\u00c6GBOKS FOR SPLIDSNING OP TIL 12 KABLER OG 4 x K7 KASSETTER - Lan-Com A\/S","robots":{"index":"index","follow":"follow","max-snippet":"max-snippet:-1","max-image-preview":"max-image-preview:large","max-video-preview":"max-video-preview:-1"},"canonical":"https:\/\/lan-com.dk\/shop\/vare\/lan-optic-ftth-fiber-vaegboks-for-splidsning\/","og_locale":"da_DK","og_type":"article","og_title":"LAN-OPTIC FTTH FIBER V\u00c6GBOKS FOR SPLIDSNING OP TIL 12 KABLER OG 4 x K7 KASSETTER - Lan-Com A\/S","og_description":"OP TIL 12 KABLER OG 4 x K7 KASSETTER","og_url":"https:\/\/lan-com.dk\/shop\/vare\/lan-optic-ftth-fiber-vaegboks-for-splidsning\/","og_site_name":"Lan-Com A\/S","article_modified_time":"2026-03-30T12:20:04+00:00","og_image":[{"width":458,"height":458,"url":"https:\/\/lan-com.dk\/wp-content\/uploads\/2025\/03\/231676.jpg","type":"image\/jpeg"}],"twitter_card":"summary_large_image","schema":{"@context":"https:\/\/schema.org","@graph":[{"@type":"WebPage","@id":"https:\/\/lan-com.dk\/shop\/vare\/lan-optic-ftth-fiber-vaegboks-for-splidsning\/","url":"https:\/\/lan-com.dk\/shop\/vare\/lan-optic-ftth-fiber-vaegboks-for-splidsning\/","name":"LAN-OPTIC FTTH FIBER V\u00c6GBOKS FOR SPLIDSNING OP TIL 12 KABLER OG 4 x K7 KASSETTER - Lan-Com A\/S","isPartOf":{"@id":"https:\/\/lan-com.dk\/#website"},"primaryImageOfPage":{"@id":"https:\/\/lan-com.dk\/shop\/vare\/lan-optic-ftth-fiber-vaegboks-for-splidsning\/#primaryimage"},"image":{"@id":"https:\/\/lan-com.dk\/shop\/vare\/lan-optic-ftth-fiber-vaegboks-for-splidsning\/#primaryimage"},"thumbnailUrl":"https:\/\/lan-com.dk\/shop\/wp-content\/uploads\/2025\/03\/231676.jpg","datePublished":"2025-03-18T14:31:41+00:00","dateModified":"2026-03-30T12:20:04+00:00","breadcrumb":{"@id":"https:\/\/lan-com.dk\/shop\/vare\/lan-optic-ftth-fiber-vaegboks-for-splidsning\/#breadcrumb"},"inLanguage":"da-DK","potentialAction":[{"@type":"ReadAction","target":["https:\/\/lan-com.dk\/shop\/vare\/lan-optic-ftth-fiber-vaegboks-for-splidsning\/"]}]},{"@type":"ImageObject","inLanguage":"da-DK","@id":"https:\/\/lan-com.dk\/shop\/vare\/lan-optic-ftth-fiber-vaegboks-for-splidsning\/#primaryimage","url":"https:\/\/lan-com.dk\/shop\/wp-content\/uploads\/2025\/03\/231676.jpg","contentUrl":"https:\/\/lan-com.dk\/shop\/wp-content\/uploads\/2025\/03\/231676.jpg","width":458,"height":458},{"@type":"BreadcrumbList","@id":"https:\/\/lan-com.dk\/shop\/vare\/lan-optic-ftth-fiber-vaegboks-for-splidsning\/#breadcrumb","itemListElement":[{"@type":"ListItem","position":1,"name":"Home","item":"https:\/\/lan-com.dk\/shop\/"},{"@type":"ListItem","position":2,"name":"Shop","item":"https:\/\/lan-com.dk\/shop\/"},{"@type":"ListItem","position":3,"name":"LAN-OPTIC FTTH FIBER V\u00c6GBOKS FOR SPLIDSNING OP TIL 12 KABLER OG 4 x K7 KASSETTER"}]},{"@type":"WebSite","@id":"https:\/\/lan-com.dk\/#website","url":"https:\/\/lan-com.dk\/","name":"Lan-Com A\/S","description":"Leverand\u00f8rer af IT-kabelsystemer til El og tele markedet","publisher":{"@id":"https:\/\/lan-com.dk\/#organization"},"potentialAction":[{"@type":"SearchAction","target":{"@type":"EntryPoint","urlTemplate":"https:\/\/lan-com.dk\/?s={search_term_string}"},"query-input":{"@type":"PropertyValueSpecification","valueRequired":true,"valueName":"search_term_string"}}],"inLanguage":"da-DK"},{"@type":"Organization","@id":"https:\/\/lan-com.dk\/#organization","name":"Lan-Com A\/S","url":"https:\/\/lan-com.dk\/","logo":{"@type":"ImageObject","inLanguage":"da-DK","@id":"https:\/\/lan-com.dk\/#\/schema\/logo\/image\/","url":"https:\/\/lan-com.dk\/shop\/wp-content\/uploads\/2024\/11\/cropped-lan-com-logo.png","contentUrl":"https:\/\/lan-com.dk\/shop\/wp-content\/uploads\/2024\/11\/cropped-lan-com-logo.png","width":246,"height":43,"caption":"Lan-Com A\/S"},"image":{"@id":"https:\/\/lan-com.dk\/#\/schema\/logo\/image\/"}}]}},"_links":{"self":[{"href":"https:\/\/lan-com.dk\/shop\/wp-json\/wp\/v2\/product\/8789","targetHints":{"allow":["GET"]}}],"collection":[{"href":"https:\/\/lan-com.dk\/shop\/wp-json\/wp\/v2\/product"}],"about":[{"href":"https:\/\/lan-com.dk\/shop\/wp-json\/wp\/v2\/types\/product"}],"wp:featuredmedia":[{"embeddable":true,"href":"https:\/\/lan-com.dk\/shop\/wp-json\/wp\/v2\/media\/12444"}],"wp:attachment":[{"href":"https:\/\/lan-com.dk\/shop\/wp-json\/wp\/v2\/media?parent=8789"}],"wp:term":[{"taxonomy":"product_brand","embeddable":true,"href":"https:\/\/lan-com.dk\/shop\/wp-json\/wp\/v2\/product_brand?post=8789"},{"taxonomy":"product_cat","embeddable":true,"href":"https:\/\/lan-com.dk\/shop\/wp-json\/wp\/v2\/product_cat?post=8789"},{"taxonomy":"product_tag","embeddable":true,"href":"https:\/\/lan-com.dk\/shop\/wp-json\/wp\/v2\/product_tag?post=8789"}],"curies":[{"name":"wp","href":"https:\/\/api.w.org\/{rel}","templated":true}]}}