{"id":8165,"date":"2025-03-18T15:29:17","date_gmt":"2025-03-18T14:29:17","guid":{"rendered":"https:\/\/lan-com.dk\/vare\/giga-lan-standard-utp-flip-jack-c6-keystone\/"},"modified":"2026-04-10T12:46:00","modified_gmt":"2026-04-10T10:46:00","slug":"giga-lan-standard-utp-flip-jack-c6-keystone","status":"publish","type":"product","link":"https:\/\/lan-com.dk\/shop\/vare\/giga-lan-standard-utp-flip-jack-c6-keystone\/","title":{"rendered":"GIGA-LAN STANDARD UTP FLIP JACK C6 KEYSTONE"},"content":{"rendered":"<ul>\n<li>GIGA-LAN STANDARD<\/li>\n<li>Kategori 6 UTP<\/li>\n<li>Ketegori 6 UTP<\/li>\n<li>Frekvens: 250 Mhz<\/li>\n<li>Monteres i Patch Panel samt udtag i<\/li>\n<li>Protokol: 1 Gbps Ethernet<\/li>\n<li>GIGA-LAN data installationer.<\/li>\n<li>Type: Keystone<\/li>\n<li>Smart lille design s\u00f8rger for hurtig<\/li>\n<li>Farve hus: sort<\/li>\n<li>terminering uden brug af speciel v\u00e6rkt\u00f8j.<\/li>\n<li>Farve front: hvid<\/li>\n<li>Component Compliant<\/li>\n<li>Fabrikat: GIGA-LAN STANDARD<\/li>\n<li>Pakning: 1 stk<\/li>\n<\/ul>\n","protected":false},"excerpt":{"rendered":"<p>GIGA-LAN STANDARD Kategori 6 UTP Ketegori 6 UTP Frekvens: 250 Mhz Monteres i Patch Panel samt udtag i Protokol: 1 Gbps Ethernet GIGA-LAN data installationer. Type: Keystone Smart lille design s\u00f8rger for hurtig Farve hus: sort terminering uden brug af speciel v\u00e6rkt\u00f8j. Farve front: hvid Component Compliant Fabrikat: GIGA-LAN STANDARD Pakning: 1 stk<\/p>\n","protected":false},"featured_media":18801,"template":"","meta":{"_acf_changed":false},"product_brand":[],"product_cat":[124],"product_tag":[],"class_list":{"0":"post-8165","1":"product","2":"type-product","3":"status-publish","4":"has-post-thumbnail","6":"product_cat-rj45-jacks-strukturerede-kabelsystemer","8":"first","9":"onbackorder","10":"taxable","11":"shipping-taxable","12":"product-type-simple"},"acf":[],"yoast_head":"<!-- This site is optimized with the Yoast SEO plugin v24.8.1 - https:\/\/yoast.com\/wordpress\/plugins\/seo\/ -->\n<title>GIGA-LAN STANDARD UTP FLIP JACK C6 KEYSTONE - Lan-Com A\/S<\/title>\n<meta name=\"robots\" content=\"index, follow, max-snippet:-1, max-image-preview:large, max-video-preview:-1\" \/>\n<link rel=\"canonical\" href=\"https:\/\/lan-com.dk\/shop\/vare\/giga-lan-standard-utp-flip-jack-c6-keystone\/\" \/>\n<meta property=\"og:locale\" content=\"da_DK\" \/>\n<meta property=\"og:type\" content=\"article\" \/>\n<meta property=\"og:title\" content=\"GIGA-LAN STANDARD UTP FLIP JACK C6 KEYSTONE - Lan-Com A\/S\" \/>\n<meta property=\"og:description\" content=\"GIGA-LAN STANDARD Kategori 6 UTP Ketegori 6 UTP Frekvens: 250 Mhz Monteres i Patch Panel samt udtag i Protokol: 1 Gbps Ethernet GIGA-LAN data installationer. Type: Keystone Smart lille design s\u00f8rger for hurtig Farve hus: sort terminering uden brug af speciel v\u00e6rkt\u00f8j. Farve front: hvid Component Compliant Fabrikat: GIGA-LAN STANDARD Pakning: 1 stk\" \/>\n<meta property=\"og:url\" content=\"https:\/\/lan-com.dk\/shop\/vare\/giga-lan-standard-utp-flip-jack-c6-keystone\/\" \/>\n<meta property=\"og:site_name\" content=\"Lan-Com A\/S\" \/>\n<meta property=\"article:modified_time\" content=\"2026-04-10T10:46:00+00:00\" \/>\n<meta property=\"og:image\" content=\"https:\/\/lan-com.dk\/wp-content\/uploads\/2025\/03\/128078.jpg\" \/>\n\t<meta property=\"og:image:width\" content=\"450\" \/>\n\t<meta property=\"og:image:height\" content=\"301\" \/>\n\t<meta property=\"og:image:type\" content=\"image\/jpeg\" \/>\n<meta name=\"twitter:card\" content=\"summary_large_image\" \/>\n<script type=\"application\/ld+json\" class=\"yoast-schema-graph\">{\"@context\":\"https:\/\/schema.org\",\"@graph\":[{\"@type\":\"WebPage\",\"@id\":\"https:\/\/lan-com.dk\/shop\/vare\/giga-lan-standard-utp-flip-jack-c6-keystone\/\",\"url\":\"https:\/\/lan-com.dk\/shop\/vare\/giga-lan-standard-utp-flip-jack-c6-keystone\/\",\"name\":\"GIGA-LAN STANDARD UTP FLIP JACK C6 KEYSTONE - Lan-Com A\/S\",\"isPartOf\":{\"@id\":\"https:\/\/lan-com.dk\/#website\"},\"primaryImageOfPage\":{\"@id\":\"https:\/\/lan-com.dk\/shop\/vare\/giga-lan-standard-utp-flip-jack-c6-keystone\/#primaryimage\"},\"image\":{\"@id\":\"https:\/\/lan-com.dk\/shop\/vare\/giga-lan-standard-utp-flip-jack-c6-keystone\/#primaryimage\"},\"thumbnailUrl\":\"https:\/\/lan-com.dk\/shop\/wp-content\/uploads\/2026\/04\/128078-3.jpg\",\"datePublished\":\"2025-03-18T14:29:17+00:00\",\"dateModified\":\"2026-04-10T10:46:00+00:00\",\"breadcrumb\":{\"@id\":\"https:\/\/lan-com.dk\/shop\/vare\/giga-lan-standard-utp-flip-jack-c6-keystone\/#breadcrumb\"},\"inLanguage\":\"da-DK\",\"potentialAction\":[{\"@type\":\"ReadAction\",\"target\":[\"https:\/\/lan-com.dk\/shop\/vare\/giga-lan-standard-utp-flip-jack-c6-keystone\/\"]}]},{\"@type\":\"ImageObject\",\"inLanguage\":\"da-DK\",\"@id\":\"https:\/\/lan-com.dk\/shop\/vare\/giga-lan-standard-utp-flip-jack-c6-keystone\/#primaryimage\",\"url\":\"https:\/\/lan-com.dk\/shop\/wp-content\/uploads\/2026\/04\/128078-3.jpg\",\"contentUrl\":\"https:\/\/lan-com.dk\/shop\/wp-content\/uploads\/2026\/04\/128078-3.jpg\",\"width\":450,\"height\":301},{\"@type\":\"BreadcrumbList\",\"@id\":\"https:\/\/lan-com.dk\/shop\/vare\/giga-lan-standard-utp-flip-jack-c6-keystone\/#breadcrumb\",\"itemListElement\":[{\"@type\":\"ListItem\",\"position\":1,\"name\":\"Home\",\"item\":\"https:\/\/lan-com.dk\/shop\/\"},{\"@type\":\"ListItem\",\"position\":2,\"name\":\"Shop\",\"item\":\"https:\/\/lan-com.dk\/shop\/\"},{\"@type\":\"ListItem\",\"position\":3,\"name\":\"GIGA-LAN STANDARD UTP FLIP JACK C6 KEYSTONE\"}]},{\"@type\":\"WebSite\",\"@id\":\"https:\/\/lan-com.dk\/#website\",\"url\":\"https:\/\/lan-com.dk\/\",\"name\":\"Lan-Com A\/S\",\"description\":\"Leverand\u00f8rer af IT-kabelsystemer til El og tele markedet\",\"publisher\":{\"@id\":\"https:\/\/lan-com.dk\/#organization\"},\"potentialAction\":[{\"@type\":\"SearchAction\",\"target\":{\"@type\":\"EntryPoint\",\"urlTemplate\":\"https:\/\/lan-com.dk\/?s={search_term_string}\"},\"query-input\":{\"@type\":\"PropertyValueSpecification\",\"valueRequired\":true,\"valueName\":\"search_term_string\"}}],\"inLanguage\":\"da-DK\"},{\"@type\":\"Organization\",\"@id\":\"https:\/\/lan-com.dk\/#organization\",\"name\":\"Lan-Com A\/S\",\"url\":\"https:\/\/lan-com.dk\/\",\"logo\":{\"@type\":\"ImageObject\",\"inLanguage\":\"da-DK\",\"@id\":\"https:\/\/lan-com.dk\/#\/schema\/logo\/image\/\",\"url\":\"https:\/\/lan-com.dk\/shop\/wp-content\/uploads\/2024\/11\/cropped-lan-com-logo.png\",\"contentUrl\":\"https:\/\/lan-com.dk\/shop\/wp-content\/uploads\/2024\/11\/cropped-lan-com-logo.png\",\"width\":246,\"height\":43,\"caption\":\"Lan-Com A\/S\"},\"image\":{\"@id\":\"https:\/\/lan-com.dk\/#\/schema\/logo\/image\/\"}}]}<\/script>\n<!-- \/ Yoast SEO plugin. -->","yoast_head_json":{"title":"GIGA-LAN STANDARD UTP FLIP JACK C6 KEYSTONE - Lan-Com A\/S","robots":{"index":"index","follow":"follow","max-snippet":"max-snippet:-1","max-image-preview":"max-image-preview:large","max-video-preview":"max-video-preview:-1"},"canonical":"https:\/\/lan-com.dk\/shop\/vare\/giga-lan-standard-utp-flip-jack-c6-keystone\/","og_locale":"da_DK","og_type":"article","og_title":"GIGA-LAN STANDARD UTP FLIP JACK C6 KEYSTONE - Lan-Com A\/S","og_description":"GIGA-LAN STANDARD Kategori 6 UTP Ketegori 6 UTP Frekvens: 250 Mhz Monteres i Patch Panel samt udtag i Protokol: 1 Gbps Ethernet GIGA-LAN data installationer. Type: Keystone Smart lille design s\u00f8rger for hurtig Farve hus: sort terminering uden brug af speciel v\u00e6rkt\u00f8j. Farve front: hvid Component Compliant Fabrikat: GIGA-LAN STANDARD Pakning: 1 stk","og_url":"https:\/\/lan-com.dk\/shop\/vare\/giga-lan-standard-utp-flip-jack-c6-keystone\/","og_site_name":"Lan-Com A\/S","article_modified_time":"2026-04-10T10:46:00+00:00","og_image":[{"width":450,"height":301,"url":"https:\/\/lan-com.dk\/wp-content\/uploads\/2025\/03\/128078.jpg","type":"image\/jpeg"}],"twitter_card":"summary_large_image","schema":{"@context":"https:\/\/schema.org","@graph":[{"@type":"WebPage","@id":"https:\/\/lan-com.dk\/shop\/vare\/giga-lan-standard-utp-flip-jack-c6-keystone\/","url":"https:\/\/lan-com.dk\/shop\/vare\/giga-lan-standard-utp-flip-jack-c6-keystone\/","name":"GIGA-LAN STANDARD UTP FLIP JACK C6 KEYSTONE - Lan-Com A\/S","isPartOf":{"@id":"https:\/\/lan-com.dk\/#website"},"primaryImageOfPage":{"@id":"https:\/\/lan-com.dk\/shop\/vare\/giga-lan-standard-utp-flip-jack-c6-keystone\/#primaryimage"},"image":{"@id":"https:\/\/lan-com.dk\/shop\/vare\/giga-lan-standard-utp-flip-jack-c6-keystone\/#primaryimage"},"thumbnailUrl":"https:\/\/lan-com.dk\/shop\/wp-content\/uploads\/2026\/04\/128078-3.jpg","datePublished":"2025-03-18T14:29:17+00:00","dateModified":"2026-04-10T10:46:00+00:00","breadcrumb":{"@id":"https:\/\/lan-com.dk\/shop\/vare\/giga-lan-standard-utp-flip-jack-c6-keystone\/#breadcrumb"},"inLanguage":"da-DK","potentialAction":[{"@type":"ReadAction","target":["https:\/\/lan-com.dk\/shop\/vare\/giga-lan-standard-utp-flip-jack-c6-keystone\/"]}]},{"@type":"ImageObject","inLanguage":"da-DK","@id":"https:\/\/lan-com.dk\/shop\/vare\/giga-lan-standard-utp-flip-jack-c6-keystone\/#primaryimage","url":"https:\/\/lan-com.dk\/shop\/wp-content\/uploads\/2026\/04\/128078-3.jpg","contentUrl":"https:\/\/lan-com.dk\/shop\/wp-content\/uploads\/2026\/04\/128078-3.jpg","width":450,"height":301},{"@type":"BreadcrumbList","@id":"https:\/\/lan-com.dk\/shop\/vare\/giga-lan-standard-utp-flip-jack-c6-keystone\/#breadcrumb","itemListElement":[{"@type":"ListItem","position":1,"name":"Home","item":"https:\/\/lan-com.dk\/shop\/"},{"@type":"ListItem","position":2,"name":"Shop","item":"https:\/\/lan-com.dk\/shop\/"},{"@type":"ListItem","position":3,"name":"GIGA-LAN STANDARD UTP FLIP JACK C6 KEYSTONE"}]},{"@type":"WebSite","@id":"https:\/\/lan-com.dk\/#website","url":"https:\/\/lan-com.dk\/","name":"Lan-Com A\/S","description":"Leverand\u00f8rer af IT-kabelsystemer til El og tele markedet","publisher":{"@id":"https:\/\/lan-com.dk\/#organization"},"potentialAction":[{"@type":"SearchAction","target":{"@type":"EntryPoint","urlTemplate":"https:\/\/lan-com.dk\/?s={search_term_string}"},"query-input":{"@type":"PropertyValueSpecification","valueRequired":true,"valueName":"search_term_string"}}],"inLanguage":"da-DK"},{"@type":"Organization","@id":"https:\/\/lan-com.dk\/#organization","name":"Lan-Com A\/S","url":"https:\/\/lan-com.dk\/","logo":{"@type":"ImageObject","inLanguage":"da-DK","@id":"https:\/\/lan-com.dk\/#\/schema\/logo\/image\/","url":"https:\/\/lan-com.dk\/shop\/wp-content\/uploads\/2024\/11\/cropped-lan-com-logo.png","contentUrl":"https:\/\/lan-com.dk\/shop\/wp-content\/uploads\/2024\/11\/cropped-lan-com-logo.png","width":246,"height":43,"caption":"Lan-Com A\/S"},"image":{"@id":"https:\/\/lan-com.dk\/#\/schema\/logo\/image\/"}}]}},"_links":{"self":[{"href":"https:\/\/lan-com.dk\/shop\/wp-json\/wp\/v2\/product\/8165","targetHints":{"allow":["GET"]}}],"collection":[{"href":"https:\/\/lan-com.dk\/shop\/wp-json\/wp\/v2\/product"}],"about":[{"href":"https:\/\/lan-com.dk\/shop\/wp-json\/wp\/v2\/types\/product"}],"wp:featuredmedia":[{"embeddable":true,"href":"https:\/\/lan-com.dk\/shop\/wp-json\/wp\/v2\/media\/18801"}],"wp:attachment":[{"href":"https:\/\/lan-com.dk\/shop\/wp-json\/wp\/v2\/media?parent=8165"}],"wp:term":[{"taxonomy":"product_brand","embeddable":true,"href":"https:\/\/lan-com.dk\/shop\/wp-json\/wp\/v2\/product_brand?post=8165"},{"taxonomy":"product_cat","embeddable":true,"href":"https:\/\/lan-com.dk\/shop\/wp-json\/wp\/v2\/product_cat?post=8165"},{"taxonomy":"product_tag","embeddable":true,"href":"https:\/\/lan-com.dk\/shop\/wp-json\/wp\/v2\/product_tag?post=8165"}],"curies":[{"name":"wp","href":"https:\/\/api.w.org\/{rel}","templated":true}]}}