{"id":8113,"date":"2025-03-18T15:28:57","date_gmt":"2025-03-18T14:28:57","guid":{"rendered":"https:\/\/lan-com.dk\/vare\/giga-lan-montageboks-for-4xrj45-jack-hvid\/"},"modified":"2026-04-14T15:45:56","modified_gmt":"2026-04-14T13:45:56","slug":"giga-lan-montageboks-for-4xrj45-jack-hvid","status":"publish","type":"product","link":"https:\/\/lan-com.dk\/shop\/vare\/giga-lan-montageboks-for-4xrj45-jack-hvid\/","title":{"rendered":"GIGA-LAN MONTAGEBOKS FOR 4XRJ45 JACK HVID"},"content":{"rendered":"<ul>\n<li>Bruges som udvendigt udtag og <\/li>\n<li>Farve: Hvid<\/li>\n<li>afslutter data kablet fra krydsfelt.<\/li>\n<li>Antal porte: 4 stk.<\/li>\n<li>Blocken kan \u00e5bnes ved at trykke<\/li>\n<li>Passer til: Keystone Jack<\/li>\n<li>i siden af d\u00e5sen.<\/li>\n<li>St\u00f8rrelse: B113xD94xH30mm<\/li>\n<li>Kabelindgang: I top <\/li>\n<li>Shutter s\u00f8rger for at st\u00f8v ikke <\/li>\n<li>Shutter: JA<\/li>\n<li>tr\u00e6nger ind i RJ45 konnektoren.<\/li>\n<li>Pakning: 1 stk. <\/li>\n<li>Leveres uden RJ45 konnektor som <\/li>\n<li>k\u00f8bes seperat.<\/li>\n<\/ul>\n","protected":false},"excerpt":{"rendered":"<p>Bruges som udvendigt udtag og Farve: Hvid afslutter data kablet fra krydsfelt. Antal porte: 4 stk. Blocken kan \u00e5bnes ved at trykke Passer til: Keystone Jack i siden af d\u00e5sen. St\u00f8rrelse: B113xD94xH30mm Kabelindgang: I top Shutter s\u00f8rger for at st\u00f8v ikke Shutter: JA tr\u00e6nger ind i RJ45 konnektoren. Pakning: 1 stk. Leveres uden RJ45 konnektor [&hellip;]<\/p>\n","protected":false},"featured_media":18972,"template":"","meta":{"_acf_changed":false},"product_brand":[],"product_cat":[132],"product_tag":[],"class_list":{"0":"post-8113","1":"product","2":"type-product","3":"status-publish","4":"has-post-thumbnail","6":"product_cat-dataudtag-strukturerede-kabelsystemer","8":"first","9":"instock","10":"taxable","11":"shipping-taxable","12":"product-type-simple"},"acf":[],"yoast_head":"<!-- This site is optimized with the Yoast SEO plugin v24.8.1 - https:\/\/yoast.com\/wordpress\/plugins\/seo\/ -->\n<title>GIGA-LAN MONTAGEBOKS FOR 4XRJ45 JACK HVID - Lan-Com A\/S<\/title>\n<meta name=\"robots\" content=\"index, follow, max-snippet:-1, max-image-preview:large, max-video-preview:-1\" \/>\n<link rel=\"canonical\" href=\"https:\/\/lan-com.dk\/shop\/vare\/giga-lan-montageboks-for-4xrj45-jack-hvid\/\" \/>\n<meta property=\"og:locale\" content=\"da_DK\" \/>\n<meta property=\"og:type\" content=\"article\" \/>\n<meta property=\"og:title\" content=\"GIGA-LAN MONTAGEBOKS FOR 4XRJ45 JACK HVID - Lan-Com A\/S\" \/>\n<meta property=\"og:description\" content=\"Bruges som udvendigt udtag og Farve: Hvid afslutter data kablet fra krydsfelt. Antal porte: 4 stk. Blocken kan \u00e5bnes ved at trykke Passer til: Keystone Jack i siden af d\u00e5sen. St\u00f8rrelse: B113xD94xH30mm Kabelindgang: I top Shutter s\u00f8rger for at st\u00f8v ikke Shutter: JA tr\u00e6nger ind i RJ45 konnektoren. Pakning: 1 stk. Leveres uden RJ45 konnektor [&hellip;]\" \/>\n<meta property=\"og:url\" content=\"https:\/\/lan-com.dk\/shop\/vare\/giga-lan-montageboks-for-4xrj45-jack-hvid\/\" \/>\n<meta property=\"og:site_name\" content=\"Lan-Com A\/S\" \/>\n<meta property=\"article:modified_time\" content=\"2026-04-14T13:45:56+00:00\" \/>\n<meta property=\"og:image\" content=\"https:\/\/lan-com.dk\/wp-content\/uploads\/2025\/03\/127769.jpg\" \/>\n\t<meta property=\"og:image:width\" content=\"550\" \/>\n\t<meta property=\"og:image:height\" content=\"550\" \/>\n\t<meta property=\"og:image:type\" content=\"image\/jpeg\" \/>\n<meta name=\"twitter:card\" content=\"summary_large_image\" \/>\n<script type=\"application\/ld+json\" class=\"yoast-schema-graph\">{\"@context\":\"https:\/\/schema.org\",\"@graph\":[{\"@type\":\"WebPage\",\"@id\":\"https:\/\/lan-com.dk\/shop\/vare\/giga-lan-montageboks-for-4xrj45-jack-hvid\/\",\"url\":\"https:\/\/lan-com.dk\/shop\/vare\/giga-lan-montageboks-for-4xrj45-jack-hvid\/\",\"name\":\"GIGA-LAN MONTAGEBOKS FOR 4XRJ45 JACK HVID - Lan-Com A\/S\",\"isPartOf\":{\"@id\":\"https:\/\/lan-com.dk\/#website\"},\"primaryImageOfPage\":{\"@id\":\"https:\/\/lan-com.dk\/shop\/vare\/giga-lan-montageboks-for-4xrj45-jack-hvid\/#primaryimage\"},\"image\":{\"@id\":\"https:\/\/lan-com.dk\/shop\/vare\/giga-lan-montageboks-for-4xrj45-jack-hvid\/#primaryimage\"},\"thumbnailUrl\":\"https:\/\/lan-com.dk\/shop\/wp-content\/uploads\/2026\/04\/127769-3.jpg\",\"datePublished\":\"2025-03-18T14:28:57+00:00\",\"dateModified\":\"2026-04-14T13:45:56+00:00\",\"breadcrumb\":{\"@id\":\"https:\/\/lan-com.dk\/shop\/vare\/giga-lan-montageboks-for-4xrj45-jack-hvid\/#breadcrumb\"},\"inLanguage\":\"da-DK\",\"potentialAction\":[{\"@type\":\"ReadAction\",\"target\":[\"https:\/\/lan-com.dk\/shop\/vare\/giga-lan-montageboks-for-4xrj45-jack-hvid\/\"]}]},{\"@type\":\"ImageObject\",\"inLanguage\":\"da-DK\",\"@id\":\"https:\/\/lan-com.dk\/shop\/vare\/giga-lan-montageboks-for-4xrj45-jack-hvid\/#primaryimage\",\"url\":\"https:\/\/lan-com.dk\/shop\/wp-content\/uploads\/2026\/04\/127769-3.jpg\",\"contentUrl\":\"https:\/\/lan-com.dk\/shop\/wp-content\/uploads\/2026\/04\/127769-3.jpg\",\"width\":550,\"height\":550},{\"@type\":\"BreadcrumbList\",\"@id\":\"https:\/\/lan-com.dk\/shop\/vare\/giga-lan-montageboks-for-4xrj45-jack-hvid\/#breadcrumb\",\"itemListElement\":[{\"@type\":\"ListItem\",\"position\":1,\"name\":\"Home\",\"item\":\"https:\/\/lan-com.dk\/shop\/\"},{\"@type\":\"ListItem\",\"position\":2,\"name\":\"Shop\",\"item\":\"https:\/\/lan-com.dk\/shop\/\"},{\"@type\":\"ListItem\",\"position\":3,\"name\":\"GIGA-LAN MONTAGEBOKS FOR 4XRJ45 JACK HVID\"}]},{\"@type\":\"WebSite\",\"@id\":\"https:\/\/lan-com.dk\/#website\",\"url\":\"https:\/\/lan-com.dk\/\",\"name\":\"Lan-Com A\/S\",\"description\":\"Leverand\u00f8rer af IT-kabelsystemer til El og tele markedet\",\"publisher\":{\"@id\":\"https:\/\/lan-com.dk\/#organization\"},\"potentialAction\":[{\"@type\":\"SearchAction\",\"target\":{\"@type\":\"EntryPoint\",\"urlTemplate\":\"https:\/\/lan-com.dk\/?s={search_term_string}\"},\"query-input\":{\"@type\":\"PropertyValueSpecification\",\"valueRequired\":true,\"valueName\":\"search_term_string\"}}],\"inLanguage\":\"da-DK\"},{\"@type\":\"Organization\",\"@id\":\"https:\/\/lan-com.dk\/#organization\",\"name\":\"Lan-Com A\/S\",\"url\":\"https:\/\/lan-com.dk\/\",\"logo\":{\"@type\":\"ImageObject\",\"inLanguage\":\"da-DK\",\"@id\":\"https:\/\/lan-com.dk\/#\/schema\/logo\/image\/\",\"url\":\"https:\/\/lan-com.dk\/shop\/wp-content\/uploads\/2024\/11\/cropped-lan-com-logo.png\",\"contentUrl\":\"https:\/\/lan-com.dk\/shop\/wp-content\/uploads\/2024\/11\/cropped-lan-com-logo.png\",\"width\":246,\"height\":43,\"caption\":\"Lan-Com A\/S\"},\"image\":{\"@id\":\"https:\/\/lan-com.dk\/#\/schema\/logo\/image\/\"}}]}<\/script>\n<!-- \/ Yoast SEO plugin. -->","yoast_head_json":{"title":"GIGA-LAN MONTAGEBOKS FOR 4XRJ45 JACK HVID - Lan-Com A\/S","robots":{"index":"index","follow":"follow","max-snippet":"max-snippet:-1","max-image-preview":"max-image-preview:large","max-video-preview":"max-video-preview:-1"},"canonical":"https:\/\/lan-com.dk\/shop\/vare\/giga-lan-montageboks-for-4xrj45-jack-hvid\/","og_locale":"da_DK","og_type":"article","og_title":"GIGA-LAN MONTAGEBOKS FOR 4XRJ45 JACK HVID - Lan-Com A\/S","og_description":"Bruges som udvendigt udtag og Farve: Hvid afslutter data kablet fra krydsfelt. Antal porte: 4 stk. Blocken kan \u00e5bnes ved at trykke Passer til: Keystone Jack i siden af d\u00e5sen. St\u00f8rrelse: B113xD94xH30mm Kabelindgang: I top Shutter s\u00f8rger for at st\u00f8v ikke Shutter: JA tr\u00e6nger ind i RJ45 konnektoren. Pakning: 1 stk. Leveres uden RJ45 konnektor [&hellip;]","og_url":"https:\/\/lan-com.dk\/shop\/vare\/giga-lan-montageboks-for-4xrj45-jack-hvid\/","og_site_name":"Lan-Com A\/S","article_modified_time":"2026-04-14T13:45:56+00:00","og_image":[{"width":550,"height":550,"url":"https:\/\/lan-com.dk\/wp-content\/uploads\/2025\/03\/127769.jpg","type":"image\/jpeg"}],"twitter_card":"summary_large_image","schema":{"@context":"https:\/\/schema.org","@graph":[{"@type":"WebPage","@id":"https:\/\/lan-com.dk\/shop\/vare\/giga-lan-montageboks-for-4xrj45-jack-hvid\/","url":"https:\/\/lan-com.dk\/shop\/vare\/giga-lan-montageboks-for-4xrj45-jack-hvid\/","name":"GIGA-LAN MONTAGEBOKS FOR 4XRJ45 JACK HVID - Lan-Com A\/S","isPartOf":{"@id":"https:\/\/lan-com.dk\/#website"},"primaryImageOfPage":{"@id":"https:\/\/lan-com.dk\/shop\/vare\/giga-lan-montageboks-for-4xrj45-jack-hvid\/#primaryimage"},"image":{"@id":"https:\/\/lan-com.dk\/shop\/vare\/giga-lan-montageboks-for-4xrj45-jack-hvid\/#primaryimage"},"thumbnailUrl":"https:\/\/lan-com.dk\/shop\/wp-content\/uploads\/2026\/04\/127769-3.jpg","datePublished":"2025-03-18T14:28:57+00:00","dateModified":"2026-04-14T13:45:56+00:00","breadcrumb":{"@id":"https:\/\/lan-com.dk\/shop\/vare\/giga-lan-montageboks-for-4xrj45-jack-hvid\/#breadcrumb"},"inLanguage":"da-DK","potentialAction":[{"@type":"ReadAction","target":["https:\/\/lan-com.dk\/shop\/vare\/giga-lan-montageboks-for-4xrj45-jack-hvid\/"]}]},{"@type":"ImageObject","inLanguage":"da-DK","@id":"https:\/\/lan-com.dk\/shop\/vare\/giga-lan-montageboks-for-4xrj45-jack-hvid\/#primaryimage","url":"https:\/\/lan-com.dk\/shop\/wp-content\/uploads\/2026\/04\/127769-3.jpg","contentUrl":"https:\/\/lan-com.dk\/shop\/wp-content\/uploads\/2026\/04\/127769-3.jpg","width":550,"height":550},{"@type":"BreadcrumbList","@id":"https:\/\/lan-com.dk\/shop\/vare\/giga-lan-montageboks-for-4xrj45-jack-hvid\/#breadcrumb","itemListElement":[{"@type":"ListItem","position":1,"name":"Home","item":"https:\/\/lan-com.dk\/shop\/"},{"@type":"ListItem","position":2,"name":"Shop","item":"https:\/\/lan-com.dk\/shop\/"},{"@type":"ListItem","position":3,"name":"GIGA-LAN MONTAGEBOKS FOR 4XRJ45 JACK HVID"}]},{"@type":"WebSite","@id":"https:\/\/lan-com.dk\/#website","url":"https:\/\/lan-com.dk\/","name":"Lan-Com A\/S","description":"Leverand\u00f8rer af IT-kabelsystemer til El og tele markedet","publisher":{"@id":"https:\/\/lan-com.dk\/#organization"},"potentialAction":[{"@type":"SearchAction","target":{"@type":"EntryPoint","urlTemplate":"https:\/\/lan-com.dk\/?s={search_term_string}"},"query-input":{"@type":"PropertyValueSpecification","valueRequired":true,"valueName":"search_term_string"}}],"inLanguage":"da-DK"},{"@type":"Organization","@id":"https:\/\/lan-com.dk\/#organization","name":"Lan-Com A\/S","url":"https:\/\/lan-com.dk\/","logo":{"@type":"ImageObject","inLanguage":"da-DK","@id":"https:\/\/lan-com.dk\/#\/schema\/logo\/image\/","url":"https:\/\/lan-com.dk\/shop\/wp-content\/uploads\/2024\/11\/cropped-lan-com-logo.png","contentUrl":"https:\/\/lan-com.dk\/shop\/wp-content\/uploads\/2024\/11\/cropped-lan-com-logo.png","width":246,"height":43,"caption":"Lan-Com A\/S"},"image":{"@id":"https:\/\/lan-com.dk\/#\/schema\/logo\/image\/"}}]}},"_links":{"self":[{"href":"https:\/\/lan-com.dk\/shop\/wp-json\/wp\/v2\/product\/8113","targetHints":{"allow":["GET"]}}],"collection":[{"href":"https:\/\/lan-com.dk\/shop\/wp-json\/wp\/v2\/product"}],"about":[{"href":"https:\/\/lan-com.dk\/shop\/wp-json\/wp\/v2\/types\/product"}],"wp:featuredmedia":[{"embeddable":true,"href":"https:\/\/lan-com.dk\/shop\/wp-json\/wp\/v2\/media\/18972"}],"wp:attachment":[{"href":"https:\/\/lan-com.dk\/shop\/wp-json\/wp\/v2\/media?parent=8113"}],"wp:term":[{"taxonomy":"product_brand","embeddable":true,"href":"https:\/\/lan-com.dk\/shop\/wp-json\/wp\/v2\/product_brand?post=8113"},{"taxonomy":"product_cat","embeddable":true,"href":"https:\/\/lan-com.dk\/shop\/wp-json\/wp\/v2\/product_cat?post=8113"},{"taxonomy":"product_tag","embeddable":true,"href":"https:\/\/lan-com.dk\/shop\/wp-json\/wp\/v2\/product_tag?post=8113"}],"curies":[{"name":"wp","href":"https:\/\/api.w.org\/{rel}","templated":true}]}}