{"id":15631,"date":"2025-04-29T13:07:10","date_gmt":"2025-04-29T11:07:10","guid":{"rendered":"https:\/\/lan-com.dk\/vare\/jordingsskinne-for-19rack-2m\/"},"modified":"2026-03-30T14:26:43","modified_gmt":"2026-03-30T12:26:43","slug":"jordingsskinne-for-19rack-2m","status":"publish","type":"product","link":"https:\/\/lan-com.dk\/shop\/vare\/jordingsskinne-for-19rack-2m\/","title":{"rendered":"JORDINGSSKINNE FOR 19&#8243;RACK 2M BSB 5X15"},"content":{"rendered":"<ul>\n<li>Anvendelse: Bruges i sk\u00e6rmede datainstallationer<\/li>\n<li>og s\u00f8rger for korrekt jording iht DS\/EN 50174.<\/li>\n<li>Jordskinnen monteres vertikalt i Racket fra top<\/li>\n<li>til bund umiddelbart bag den forreste 19&#8243; op-<\/li>\n<li>sp\u00e6nding. Ved hj\u00e6lp af sm\u00e5 2,50 mm2 jordkabler<\/li>\n<li>(252362) forbindes jordskinnen til aktivt udstyr<\/li>\n<li>og Patch Paneler<\/li>\n<li><\/li>\n<li>L\u00e6ngde: 2,0 m<\/li>\n<li>Materiale: kobber<\/li>\n<li>Pakning: 1 stk<\/li>\n<li>Tilh\u00f8rende produkter: jordskrue 252364 +<\/li>\n<li>jordkabel 252362<\/li>\n<\/ul>\n","protected":false},"excerpt":{"rendered":"<p>BSB 5X15<\/p>\n","protected":false},"featured_media":15630,"template":"","meta":{"_acf_changed":false},"product_brand":[],"product_cat":[168],"product_tag":[],"class_list":{"0":"post-15631","1":"product","2":"type-product","3":"status-publish","4":"has-post-thumbnail","6":"product_cat-tilbehoer-til-rack","8":"first","9":"instock","10":"taxable","11":"shipping-taxable","12":"product-type-simple"},"acf":[],"yoast_head":"<!-- This site is optimized with the Yoast SEO plugin v24.8.1 - https:\/\/yoast.com\/wordpress\/plugins\/seo\/ -->\n<title>JORDINGSSKINNE FOR 19&quot;RACK 2M BSB 5X15 - Lan-Com A\/S<\/title>\n<meta name=\"robots\" content=\"index, follow, max-snippet:-1, max-image-preview:large, max-video-preview:-1\" \/>\n<link rel=\"canonical\" href=\"https:\/\/lan-com.dk\/shop\/vare\/jordingsskinne-for-19rack-2m\/\" \/>\n<meta property=\"og:locale\" content=\"da_DK\" \/>\n<meta property=\"og:type\" content=\"article\" \/>\n<meta property=\"og:title\" content=\"JORDINGSSKINNE FOR 19&quot;RACK 2M BSB 5X15 - Lan-Com A\/S\" \/>\n<meta property=\"og:description\" content=\"BSB 5X15\" \/>\n<meta property=\"og:url\" content=\"https:\/\/lan-com.dk\/shop\/vare\/jordingsskinne-for-19rack-2m\/\" \/>\n<meta property=\"og:site_name\" content=\"Lan-Com A\/S\" \/>\n<meta property=\"article:modified_time\" content=\"2026-03-30T12:26:43+00:00\" \/>\n<meta property=\"og:image\" content=\"https:\/\/lan-com.dk\/shop\/wp-content\/uploads\/2025\/04\/252363.jpg\" \/>\n\t<meta property=\"og:image:width\" content=\"458\" \/>\n\t<meta property=\"og:image:height\" content=\"458\" \/>\n\t<meta property=\"og:image:type\" content=\"image\/jpeg\" \/>\n<meta name=\"twitter:card\" content=\"summary_large_image\" \/>\n<script type=\"application\/ld+json\" class=\"yoast-schema-graph\">{\"@context\":\"https:\/\/schema.org\",\"@graph\":[{\"@type\":\"WebPage\",\"@id\":\"https:\/\/lan-com.dk\/shop\/vare\/jordingsskinne-for-19rack-2m\/\",\"url\":\"https:\/\/lan-com.dk\/shop\/vare\/jordingsskinne-for-19rack-2m\/\",\"name\":\"JORDINGSSKINNE FOR 19\\\"RACK 2M BSB 5X15 - Lan-Com A\/S\",\"isPartOf\":{\"@id\":\"https:\/\/lan-com.dk\/#website\"},\"primaryImageOfPage\":{\"@id\":\"https:\/\/lan-com.dk\/shop\/vare\/jordingsskinne-for-19rack-2m\/#primaryimage\"},\"image\":{\"@id\":\"https:\/\/lan-com.dk\/shop\/vare\/jordingsskinne-for-19rack-2m\/#primaryimage\"},\"thumbnailUrl\":\"https:\/\/lan-com.dk\/shop\/wp-content\/uploads\/2025\/04\/252363.jpg\",\"datePublished\":\"2025-04-29T11:07:10+00:00\",\"dateModified\":\"2026-03-30T12:26:43+00:00\",\"breadcrumb\":{\"@id\":\"https:\/\/lan-com.dk\/shop\/vare\/jordingsskinne-for-19rack-2m\/#breadcrumb\"},\"inLanguage\":\"da-DK\",\"potentialAction\":[{\"@type\":\"ReadAction\",\"target\":[\"https:\/\/lan-com.dk\/shop\/vare\/jordingsskinne-for-19rack-2m\/\"]}]},{\"@type\":\"ImageObject\",\"inLanguage\":\"da-DK\",\"@id\":\"https:\/\/lan-com.dk\/shop\/vare\/jordingsskinne-for-19rack-2m\/#primaryimage\",\"url\":\"https:\/\/lan-com.dk\/shop\/wp-content\/uploads\/2025\/04\/252363.jpg\",\"contentUrl\":\"https:\/\/lan-com.dk\/shop\/wp-content\/uploads\/2025\/04\/252363.jpg\",\"width\":458,\"height\":458},{\"@type\":\"BreadcrumbList\",\"@id\":\"https:\/\/lan-com.dk\/shop\/vare\/jordingsskinne-for-19rack-2m\/#breadcrumb\",\"itemListElement\":[{\"@type\":\"ListItem\",\"position\":1,\"name\":\"Home\",\"item\":\"https:\/\/lan-com.dk\/shop\/\"},{\"@type\":\"ListItem\",\"position\":2,\"name\":\"Shop\",\"item\":\"https:\/\/lan-com.dk\/shop\/\"},{\"@type\":\"ListItem\",\"position\":3,\"name\":\"JORDINGSSKINNE FOR 19&#8243;RACK 2M BSB 5X15\"}]},{\"@type\":\"WebSite\",\"@id\":\"https:\/\/lan-com.dk\/#website\",\"url\":\"https:\/\/lan-com.dk\/\",\"name\":\"Lan-Com A\/S\",\"description\":\"Leverand\u00f8rer af IT-kabelsystemer til El og tele markedet\",\"publisher\":{\"@id\":\"https:\/\/lan-com.dk\/#organization\"},\"potentialAction\":[{\"@type\":\"SearchAction\",\"target\":{\"@type\":\"EntryPoint\",\"urlTemplate\":\"https:\/\/lan-com.dk\/?s={search_term_string}\"},\"query-input\":{\"@type\":\"PropertyValueSpecification\",\"valueRequired\":true,\"valueName\":\"search_term_string\"}}],\"inLanguage\":\"da-DK\"},{\"@type\":\"Organization\",\"@id\":\"https:\/\/lan-com.dk\/#organization\",\"name\":\"Lan-Com A\/S\",\"url\":\"https:\/\/lan-com.dk\/\",\"logo\":{\"@type\":\"ImageObject\",\"inLanguage\":\"da-DK\",\"@id\":\"https:\/\/lan-com.dk\/#\/schema\/logo\/image\/\",\"url\":\"https:\/\/lan-com.dk\/shop\/wp-content\/uploads\/2024\/11\/cropped-lan-com-logo.png\",\"contentUrl\":\"https:\/\/lan-com.dk\/shop\/wp-content\/uploads\/2024\/11\/cropped-lan-com-logo.png\",\"width\":246,\"height\":43,\"caption\":\"Lan-Com A\/S\"},\"image\":{\"@id\":\"https:\/\/lan-com.dk\/#\/schema\/logo\/image\/\"}}]}<\/script>\n<!-- \/ Yoast SEO plugin. -->","yoast_head_json":{"title":"JORDINGSSKINNE FOR 19\"RACK 2M BSB 5X15 - Lan-Com A\/S","robots":{"index":"index","follow":"follow","max-snippet":"max-snippet:-1","max-image-preview":"max-image-preview:large","max-video-preview":"max-video-preview:-1"},"canonical":"https:\/\/lan-com.dk\/shop\/vare\/jordingsskinne-for-19rack-2m\/","og_locale":"da_DK","og_type":"article","og_title":"JORDINGSSKINNE FOR 19\"RACK 2M BSB 5X15 - Lan-Com A\/S","og_description":"BSB 5X15","og_url":"https:\/\/lan-com.dk\/shop\/vare\/jordingsskinne-for-19rack-2m\/","og_site_name":"Lan-Com A\/S","article_modified_time":"2026-03-30T12:26:43+00:00","og_image":[{"width":458,"height":458,"url":"https:\/\/lan-com.dk\/shop\/wp-content\/uploads\/2025\/04\/252363.jpg","type":"image\/jpeg"}],"twitter_card":"summary_large_image","schema":{"@context":"https:\/\/schema.org","@graph":[{"@type":"WebPage","@id":"https:\/\/lan-com.dk\/shop\/vare\/jordingsskinne-for-19rack-2m\/","url":"https:\/\/lan-com.dk\/shop\/vare\/jordingsskinne-for-19rack-2m\/","name":"JORDINGSSKINNE FOR 19\"RACK 2M BSB 5X15 - Lan-Com A\/S","isPartOf":{"@id":"https:\/\/lan-com.dk\/#website"},"primaryImageOfPage":{"@id":"https:\/\/lan-com.dk\/shop\/vare\/jordingsskinne-for-19rack-2m\/#primaryimage"},"image":{"@id":"https:\/\/lan-com.dk\/shop\/vare\/jordingsskinne-for-19rack-2m\/#primaryimage"},"thumbnailUrl":"https:\/\/lan-com.dk\/shop\/wp-content\/uploads\/2025\/04\/252363.jpg","datePublished":"2025-04-29T11:07:10+00:00","dateModified":"2026-03-30T12:26:43+00:00","breadcrumb":{"@id":"https:\/\/lan-com.dk\/shop\/vare\/jordingsskinne-for-19rack-2m\/#breadcrumb"},"inLanguage":"da-DK","potentialAction":[{"@type":"ReadAction","target":["https:\/\/lan-com.dk\/shop\/vare\/jordingsskinne-for-19rack-2m\/"]}]},{"@type":"ImageObject","inLanguage":"da-DK","@id":"https:\/\/lan-com.dk\/shop\/vare\/jordingsskinne-for-19rack-2m\/#primaryimage","url":"https:\/\/lan-com.dk\/shop\/wp-content\/uploads\/2025\/04\/252363.jpg","contentUrl":"https:\/\/lan-com.dk\/shop\/wp-content\/uploads\/2025\/04\/252363.jpg","width":458,"height":458},{"@type":"BreadcrumbList","@id":"https:\/\/lan-com.dk\/shop\/vare\/jordingsskinne-for-19rack-2m\/#breadcrumb","itemListElement":[{"@type":"ListItem","position":1,"name":"Home","item":"https:\/\/lan-com.dk\/shop\/"},{"@type":"ListItem","position":2,"name":"Shop","item":"https:\/\/lan-com.dk\/shop\/"},{"@type":"ListItem","position":3,"name":"JORDINGSSKINNE FOR 19&#8243;RACK 2M BSB 5X15"}]},{"@type":"WebSite","@id":"https:\/\/lan-com.dk\/#website","url":"https:\/\/lan-com.dk\/","name":"Lan-Com A\/S","description":"Leverand\u00f8rer af IT-kabelsystemer til El og tele markedet","publisher":{"@id":"https:\/\/lan-com.dk\/#organization"},"potentialAction":[{"@type":"SearchAction","target":{"@type":"EntryPoint","urlTemplate":"https:\/\/lan-com.dk\/?s={search_term_string}"},"query-input":{"@type":"PropertyValueSpecification","valueRequired":true,"valueName":"search_term_string"}}],"inLanguage":"da-DK"},{"@type":"Organization","@id":"https:\/\/lan-com.dk\/#organization","name":"Lan-Com A\/S","url":"https:\/\/lan-com.dk\/","logo":{"@type":"ImageObject","inLanguage":"da-DK","@id":"https:\/\/lan-com.dk\/#\/schema\/logo\/image\/","url":"https:\/\/lan-com.dk\/shop\/wp-content\/uploads\/2024\/11\/cropped-lan-com-logo.png","contentUrl":"https:\/\/lan-com.dk\/shop\/wp-content\/uploads\/2024\/11\/cropped-lan-com-logo.png","width":246,"height":43,"caption":"Lan-Com A\/S"},"image":{"@id":"https:\/\/lan-com.dk\/#\/schema\/logo\/image\/"}}]}},"_links":{"self":[{"href":"https:\/\/lan-com.dk\/shop\/wp-json\/wp\/v2\/product\/15631","targetHints":{"allow":["GET"]}}],"collection":[{"href":"https:\/\/lan-com.dk\/shop\/wp-json\/wp\/v2\/product"}],"about":[{"href":"https:\/\/lan-com.dk\/shop\/wp-json\/wp\/v2\/types\/product"}],"wp:featuredmedia":[{"embeddable":true,"href":"https:\/\/lan-com.dk\/shop\/wp-json\/wp\/v2\/media\/15630"}],"wp:attachment":[{"href":"https:\/\/lan-com.dk\/shop\/wp-json\/wp\/v2\/media?parent=15631"}],"wp:term":[{"taxonomy":"product_brand","embeddable":true,"href":"https:\/\/lan-com.dk\/shop\/wp-json\/wp\/v2\/product_brand?post=15631"},{"taxonomy":"product_cat","embeddable":true,"href":"https:\/\/lan-com.dk\/shop\/wp-json\/wp\/v2\/product_cat?post=15631"},{"taxonomy":"product_tag","embeddable":true,"href":"https:\/\/lan-com.dk\/shop\/wp-json\/wp\/v2\/product_tag?post=15631"}],"curies":[{"name":"wp","href":"https:\/\/api.w.org\/{rel}","templated":true}]}}