{"id":13917,"date":"2025-03-26T14:39:53","date_gmt":"2025-03-26T13:39:53","guid":{"rendered":"https:\/\/lan-com.dk\/vare\/t-stykke-b-500-mm-h-40-mm-for-perf-kabelbakke\/"},"modified":"2026-03-30T14:26:45","modified_gmt":"2026-03-30T12:26:45","slug":"t-stykke-b-500-mm-h-40-mm-for-perf-kabelbakke","status":"publish","type":"product","link":"https:\/\/lan-com.dk\/shop\/vare\/t-stykke-b-500-mm-h-40-mm-for-perf-kabelbakke\/","title":{"rendered":"T-STYKKE   B 500 MM H 40 MM FOR PERF. KABELBAKKE"},"content":{"rendered":"<ul>\n<li> Anvendes stort set i alle industrier, <\/li>\n<li>Materiale: Rustfrit st\u00e5l pregalvaniseret<\/li>\n<li>kontorbyggeri, uddannelsesinstitutioner, <\/li>\n<li>St\u00f8rrelse:B500xH40 mm<\/li>\n<li>hospitaler ect. <\/li>\n<li>Tykkelse: 1,5 mm<\/li>\n<li>Samler kabler, ledninger samt r\u00f8r og holder <\/li>\n<li>Diameter (monterings huller): \u00d89x20mm<\/li>\n<li>og styr p\u00e5 ledningsf\u00f8ringen.<\/li>\n<li>Pakning: 1 stk<\/li>\n<li>Herved sikres kabler og ledninger for <\/li>\n<li>un\u00f8dvendig slitage og vedholder performance.<\/li>\n<\/ul>\n","protected":false},"excerpt":{"rendered":"<p>Anvendes stort set i alle industrier, Materiale: Rustfrit st\u00e5l pregalvaniseret kontorbyggeri, uddannelsesinstitutioner, St\u00f8rrelse:B500xH40 mm hospitaler ect. Tykkelse: 1,5 mm Samler kabler, ledninger samt r\u00f8r og holder Diameter (monterings huller): \u00d89x20mm og styr p\u00e5 ledningsf\u00f8ringen. Pakning: 1 stk Herved sikres kabler og ledninger for un\u00f8dvendig slitage og vedholder performance.<\/p>\n","protected":false},"featured_media":18531,"template":"","meta":{"_acf_changed":false},"product_brand":[],"product_cat":[192],"product_tag":[],"class_list":{"0":"post-13917","1":"product","2":"type-product","3":"status-publish","4":"has-post-thumbnail","6":"product_cat-kabelbakker-perf","8":"first","9":"instock","10":"taxable","11":"shipping-taxable","12":"product-type-simple"},"acf":[],"yoast_head":"<!-- This site is optimized with the Yoast SEO plugin v24.8.1 - https:\/\/yoast.com\/wordpress\/plugins\/seo\/ -->\n<title>T-STYKKE  B 500 MM H 40 MM FOR PERF. KABELBAKKE - Lan-Com A\/S<\/title>\n<meta name=\"robots\" content=\"index, follow, max-snippet:-1, max-image-preview:large, max-video-preview:-1\" \/>\n<link rel=\"canonical\" href=\"https:\/\/lan-com.dk\/shop\/vare\/t-stykke-b-500-mm-h-40-mm-for-perf-kabelbakke\/\" \/>\n<meta property=\"og:locale\" content=\"da_DK\" \/>\n<meta property=\"og:type\" content=\"article\" \/>\n<meta property=\"og:title\" content=\"T-STYKKE  B 500 MM H 40 MM FOR PERF. KABELBAKKE - Lan-Com A\/S\" \/>\n<meta property=\"og:description\" content=\"Anvendes stort set i alle industrier, Materiale: Rustfrit st\u00e5l pregalvaniseret kontorbyggeri, uddannelsesinstitutioner, St\u00f8rrelse:B500xH40 mm hospitaler ect. Tykkelse: 1,5 mm Samler kabler, ledninger samt r\u00f8r og holder Diameter (monterings huller): \u00d89x20mm og styr p\u00e5 ledningsf\u00f8ringen. Pakning: 1 stk Herved sikres kabler og ledninger for un\u00f8dvendig slitage og vedholder performance.\" \/>\n<meta property=\"og:url\" content=\"https:\/\/lan-com.dk\/shop\/vare\/t-stykke-b-500-mm-h-40-mm-for-perf-kabelbakke\/\" \/>\n<meta property=\"og:site_name\" content=\"Lan-Com A\/S\" \/>\n<meta property=\"article:modified_time\" content=\"2026-03-30T12:26:45+00:00\" \/>\n<meta property=\"og:image\" content=\"https:\/\/lan-com.dk\/shop\/wp-content\/uploads\/2026\/01\/611558-scaled.jpg\" \/>\n\t<meta property=\"og:image:width\" content=\"1810\" \/>\n\t<meta property=\"og:image:height\" content=\"2560\" \/>\n\t<meta property=\"og:image:type\" content=\"image\/jpeg\" \/>\n<meta name=\"twitter:card\" content=\"summary_large_image\" \/>\n<script type=\"application\/ld+json\" class=\"yoast-schema-graph\">{\"@context\":\"https:\/\/schema.org\",\"@graph\":[{\"@type\":\"WebPage\",\"@id\":\"https:\/\/lan-com.dk\/shop\/vare\/t-stykke-b-500-mm-h-40-mm-for-perf-kabelbakke\/\",\"url\":\"https:\/\/lan-com.dk\/shop\/vare\/t-stykke-b-500-mm-h-40-mm-for-perf-kabelbakke\/\",\"name\":\"T-STYKKE B 500 MM H 40 MM FOR PERF. KABELBAKKE - Lan-Com A\/S\",\"isPartOf\":{\"@id\":\"https:\/\/lan-com.dk\/#website\"},\"primaryImageOfPage\":{\"@id\":\"https:\/\/lan-com.dk\/shop\/vare\/t-stykke-b-500-mm-h-40-mm-for-perf-kabelbakke\/#primaryimage\"},\"image\":{\"@id\":\"https:\/\/lan-com.dk\/shop\/vare\/t-stykke-b-500-mm-h-40-mm-for-perf-kabelbakke\/#primaryimage\"},\"thumbnailUrl\":\"https:\/\/lan-com.dk\/shop\/wp-content\/uploads\/2026\/03\/611558-scaled.jpg\",\"datePublished\":\"2025-03-26T13:39:53+00:00\",\"dateModified\":\"2026-03-30T12:26:45+00:00\",\"breadcrumb\":{\"@id\":\"https:\/\/lan-com.dk\/shop\/vare\/t-stykke-b-500-mm-h-40-mm-for-perf-kabelbakke\/#breadcrumb\"},\"inLanguage\":\"da-DK\",\"potentialAction\":[{\"@type\":\"ReadAction\",\"target\":[\"https:\/\/lan-com.dk\/shop\/vare\/t-stykke-b-500-mm-h-40-mm-for-perf-kabelbakke\/\"]}]},{\"@type\":\"ImageObject\",\"inLanguage\":\"da-DK\",\"@id\":\"https:\/\/lan-com.dk\/shop\/vare\/t-stykke-b-500-mm-h-40-mm-for-perf-kabelbakke\/#primaryimage\",\"url\":\"https:\/\/lan-com.dk\/shop\/wp-content\/uploads\/2026\/03\/611558-scaled.jpg\",\"contentUrl\":\"https:\/\/lan-com.dk\/shop\/wp-content\/uploads\/2026\/03\/611558-scaled.jpg\",\"width\":1810,\"height\":2560},{\"@type\":\"BreadcrumbList\",\"@id\":\"https:\/\/lan-com.dk\/shop\/vare\/t-stykke-b-500-mm-h-40-mm-for-perf-kabelbakke\/#breadcrumb\",\"itemListElement\":[{\"@type\":\"ListItem\",\"position\":1,\"name\":\"Home\",\"item\":\"https:\/\/lan-com.dk\/shop\/\"},{\"@type\":\"ListItem\",\"position\":2,\"name\":\"Shop\",\"item\":\"https:\/\/lan-com.dk\/shop\/\"},{\"@type\":\"ListItem\",\"position\":3,\"name\":\"T-STYKKE B 500 MM H 40 MM FOR PERF. KABELBAKKE\"}]},{\"@type\":\"WebSite\",\"@id\":\"https:\/\/lan-com.dk\/#website\",\"url\":\"https:\/\/lan-com.dk\/\",\"name\":\"Lan-Com A\/S\",\"description\":\"Leverand\u00f8rer af IT-kabelsystemer til El og tele markedet\",\"publisher\":{\"@id\":\"https:\/\/lan-com.dk\/#organization\"},\"potentialAction\":[{\"@type\":\"SearchAction\",\"target\":{\"@type\":\"EntryPoint\",\"urlTemplate\":\"https:\/\/lan-com.dk\/?s={search_term_string}\"},\"query-input\":{\"@type\":\"PropertyValueSpecification\",\"valueRequired\":true,\"valueName\":\"search_term_string\"}}],\"inLanguage\":\"da-DK\"},{\"@type\":\"Organization\",\"@id\":\"https:\/\/lan-com.dk\/#organization\",\"name\":\"Lan-Com A\/S\",\"url\":\"https:\/\/lan-com.dk\/\",\"logo\":{\"@type\":\"ImageObject\",\"inLanguage\":\"da-DK\",\"@id\":\"https:\/\/lan-com.dk\/#\/schema\/logo\/image\/\",\"url\":\"https:\/\/lan-com.dk\/shop\/wp-content\/uploads\/2024\/11\/cropped-lan-com-logo.png\",\"contentUrl\":\"https:\/\/lan-com.dk\/shop\/wp-content\/uploads\/2024\/11\/cropped-lan-com-logo.png\",\"width\":246,\"height\":43,\"caption\":\"Lan-Com A\/S\"},\"image\":{\"@id\":\"https:\/\/lan-com.dk\/#\/schema\/logo\/image\/\"}}]}<\/script>\n<!-- \/ Yoast SEO plugin. -->","yoast_head_json":{"title":"T-STYKKE  B 500 MM H 40 MM FOR PERF. KABELBAKKE - Lan-Com A\/S","robots":{"index":"index","follow":"follow","max-snippet":"max-snippet:-1","max-image-preview":"max-image-preview:large","max-video-preview":"max-video-preview:-1"},"canonical":"https:\/\/lan-com.dk\/shop\/vare\/t-stykke-b-500-mm-h-40-mm-for-perf-kabelbakke\/","og_locale":"da_DK","og_type":"article","og_title":"T-STYKKE  B 500 MM H 40 MM FOR PERF. KABELBAKKE - Lan-Com A\/S","og_description":"Anvendes stort set i alle industrier, Materiale: Rustfrit st\u00e5l pregalvaniseret kontorbyggeri, uddannelsesinstitutioner, St\u00f8rrelse:B500xH40 mm hospitaler ect. Tykkelse: 1,5 mm Samler kabler, ledninger samt r\u00f8r og holder Diameter (monterings huller): \u00d89x20mm og styr p\u00e5 ledningsf\u00f8ringen. Pakning: 1 stk Herved sikres kabler og ledninger for un\u00f8dvendig slitage og vedholder performance.","og_url":"https:\/\/lan-com.dk\/shop\/vare\/t-stykke-b-500-mm-h-40-mm-for-perf-kabelbakke\/","og_site_name":"Lan-Com A\/S","article_modified_time":"2026-03-30T12:26:45+00:00","og_image":[{"width":1810,"height":2560,"url":"https:\/\/lan-com.dk\/shop\/wp-content\/uploads\/2026\/01\/611558-scaled.jpg","type":"image\/jpeg"}],"twitter_card":"summary_large_image","schema":{"@context":"https:\/\/schema.org","@graph":[{"@type":"WebPage","@id":"https:\/\/lan-com.dk\/shop\/vare\/t-stykke-b-500-mm-h-40-mm-for-perf-kabelbakke\/","url":"https:\/\/lan-com.dk\/shop\/vare\/t-stykke-b-500-mm-h-40-mm-for-perf-kabelbakke\/","name":"T-STYKKE B 500 MM H 40 MM FOR PERF. KABELBAKKE - Lan-Com A\/S","isPartOf":{"@id":"https:\/\/lan-com.dk\/#website"},"primaryImageOfPage":{"@id":"https:\/\/lan-com.dk\/shop\/vare\/t-stykke-b-500-mm-h-40-mm-for-perf-kabelbakke\/#primaryimage"},"image":{"@id":"https:\/\/lan-com.dk\/shop\/vare\/t-stykke-b-500-mm-h-40-mm-for-perf-kabelbakke\/#primaryimage"},"thumbnailUrl":"https:\/\/lan-com.dk\/shop\/wp-content\/uploads\/2026\/03\/611558-scaled.jpg","datePublished":"2025-03-26T13:39:53+00:00","dateModified":"2026-03-30T12:26:45+00:00","breadcrumb":{"@id":"https:\/\/lan-com.dk\/shop\/vare\/t-stykke-b-500-mm-h-40-mm-for-perf-kabelbakke\/#breadcrumb"},"inLanguage":"da-DK","potentialAction":[{"@type":"ReadAction","target":["https:\/\/lan-com.dk\/shop\/vare\/t-stykke-b-500-mm-h-40-mm-for-perf-kabelbakke\/"]}]},{"@type":"ImageObject","inLanguage":"da-DK","@id":"https:\/\/lan-com.dk\/shop\/vare\/t-stykke-b-500-mm-h-40-mm-for-perf-kabelbakke\/#primaryimage","url":"https:\/\/lan-com.dk\/shop\/wp-content\/uploads\/2026\/03\/611558-scaled.jpg","contentUrl":"https:\/\/lan-com.dk\/shop\/wp-content\/uploads\/2026\/03\/611558-scaled.jpg","width":1810,"height":2560},{"@type":"BreadcrumbList","@id":"https:\/\/lan-com.dk\/shop\/vare\/t-stykke-b-500-mm-h-40-mm-for-perf-kabelbakke\/#breadcrumb","itemListElement":[{"@type":"ListItem","position":1,"name":"Home","item":"https:\/\/lan-com.dk\/shop\/"},{"@type":"ListItem","position":2,"name":"Shop","item":"https:\/\/lan-com.dk\/shop\/"},{"@type":"ListItem","position":3,"name":"T-STYKKE B 500 MM H 40 MM FOR PERF. KABELBAKKE"}]},{"@type":"WebSite","@id":"https:\/\/lan-com.dk\/#website","url":"https:\/\/lan-com.dk\/","name":"Lan-Com A\/S","description":"Leverand\u00f8rer af IT-kabelsystemer til El og tele markedet","publisher":{"@id":"https:\/\/lan-com.dk\/#organization"},"potentialAction":[{"@type":"SearchAction","target":{"@type":"EntryPoint","urlTemplate":"https:\/\/lan-com.dk\/?s={search_term_string}"},"query-input":{"@type":"PropertyValueSpecification","valueRequired":true,"valueName":"search_term_string"}}],"inLanguage":"da-DK"},{"@type":"Organization","@id":"https:\/\/lan-com.dk\/#organization","name":"Lan-Com A\/S","url":"https:\/\/lan-com.dk\/","logo":{"@type":"ImageObject","inLanguage":"da-DK","@id":"https:\/\/lan-com.dk\/#\/schema\/logo\/image\/","url":"https:\/\/lan-com.dk\/shop\/wp-content\/uploads\/2024\/11\/cropped-lan-com-logo.png","contentUrl":"https:\/\/lan-com.dk\/shop\/wp-content\/uploads\/2024\/11\/cropped-lan-com-logo.png","width":246,"height":43,"caption":"Lan-Com A\/S"},"image":{"@id":"https:\/\/lan-com.dk\/#\/schema\/logo\/image\/"}}]}},"_links":{"self":[{"href":"https:\/\/lan-com.dk\/shop\/wp-json\/wp\/v2\/product\/13917","targetHints":{"allow":["GET"]}}],"collection":[{"href":"https:\/\/lan-com.dk\/shop\/wp-json\/wp\/v2\/product"}],"about":[{"href":"https:\/\/lan-com.dk\/shop\/wp-json\/wp\/v2\/types\/product"}],"wp:featuredmedia":[{"embeddable":true,"href":"https:\/\/lan-com.dk\/shop\/wp-json\/wp\/v2\/media\/18531"}],"wp:attachment":[{"href":"https:\/\/lan-com.dk\/shop\/wp-json\/wp\/v2\/media?parent=13917"}],"wp:term":[{"taxonomy":"product_brand","embeddable":true,"href":"https:\/\/lan-com.dk\/shop\/wp-json\/wp\/v2\/product_brand?post=13917"},{"taxonomy":"product_cat","embeddable":true,"href":"https:\/\/lan-com.dk\/shop\/wp-json\/wp\/v2\/product_cat?post=13917"},{"taxonomy":"product_tag","embeddable":true,"href":"https:\/\/lan-com.dk\/shop\/wp-json\/wp\/v2\/product_tag?post=13917"}],"curies":[{"name":"wp","href":"https:\/\/api.w.org\/{rel}","templated":true}]}}